{"id":8415,"date":"2020-09-23T11:15:51","date_gmt":"2020-09-23T10:15:51","guid":{"rendered":"https:\/\/go4mobility.com\/?page_id=8415"},"modified":"2020-09-23T11:28:27","modified_gmt":"2020-09-23T10:28:27","slug":"press-releases","status":"publish","type":"page","link":"https:\/\/go4mobility.com\/pt-pt\/press-releases\/","title":{"rendered":"Press Releases"},"content":{"rendered":"\t\t<div data-elementor-type=\"wp-post\" data-elementor-id=\"8415\" class=\"elementor elementor-8415\">\n\t\t\t\t\t\t<section class=\"elementor-section elementor-top-section elementor-element elementor-element-c6dadb2 elementor-section-boxed elementor-section-height-default elementor-section-height-default\" data-id=\"c6dadb2\" data-element_type=\"section\" data-e-type=\"section\">\n\t\t\t\t\t\t<div class=\"elementor-container elementor-column-gap-default\">\n\t\t\t\t\t<div class=\"elementor-column elementor-col-100 elementor-top-column elementor-element elementor-element-cdfac85\" data-id=\"cdfac85\" data-element_type=\"column\" data-e-type=\"column\">\n\t\t\t<div class=\"elementor-widget-wrap\">\n\t\t\t\t\t\t\t<\/div>\n\t\t<\/div>\n\t\t\t\t\t<\/div>\n\t\t<\/section>\n\t\t\t\t<\/div>\n\t\t","protected":false},"excerpt":{"rendered":"<p>artigos press-releases &#8220;> Reabertura de liga\u00e7\u00f5es para Mo\u00e7ambique Reabrimos as liga\u00e7\u00f5es para Mo\u00e7ambique atrav\u00e9s de Tr\u00eas rotas Diretas com Operadores locais. Envie Comunica\u00e7\u00f5es Bulk SMS ou OTP para este Mercado. Artigos, Press Releases<\/p>\n","protected":false},"author":18,"featured_media":0,"parent":0,"menu_order":0,"comment_status":"closed","ping_status":"closed","template":"","meta":{"footnotes":""},"class_list":["post-8415","page","type-page","status-publish","hentry"],"yoast_head":"<!-- This site is optimized with the Yoast SEO plugin v27.5 - https:\/\/yoast.com\/product\/yoast-seo-wordpress\/ -->\n<title>Blog | Go4Mobility<\/title>\n<meta name=\"description\" content=\"A Go4Mobility publica tend\u00eancias das comunica\u00e7\u00f5es, novidades sobre Direct Carrier Billing, Premium SMS, Messaging, Solu\u00e7\u00f5es de Voz.\" \/>\n<meta name=\"robots\" content=\"index, follow, max-snippet:-1, max-image-preview:large, max-video-preview:-1\" \/>\n<link rel=\"canonical\" href=\"https:\/\/go4mobility.com\/pt-pt\/press-releases\/\" \/>\n<meta property=\"og:locale\" content=\"pt_PT\" \/>\n<meta property=\"og:type\" content=\"article\" \/>\n<meta property=\"og:title\" content=\"Blog | Go4Mobility\" \/>\n<meta property=\"og:description\" content=\"A Go4Mobility publica tend\u00eancias das comunica\u00e7\u00f5es, novidades sobre Direct Carrier Billing, Premium SMS, Messaging, Solu\u00e7\u00f5es de Voz.\" \/>\n<meta property=\"og:url\" content=\"https:\/\/go4mobility.com\/pt-pt\/press-releases\/\" \/>\n<meta property=\"og:site_name\" content=\"Go4Mobility\" \/>\n<meta property=\"article:modified_time\" content=\"2020-09-23T10:28:27+00:00\" \/>\n<meta property=\"og:image\" content=\"http:\/\/go4mobility.com\/wp-content\/uploads\/2020\/09\/Imagem-Miniatura-Artigo-Maputo-LowRes.jpg\" \/>\n<meta name=\"twitter:card\" content=\"summary_large_image\" \/>\n<script type=\"application\/ld+json\" class=\"yoast-schema-graph\">{\"@context\":\"https:\\\/\\\/schema.org\",\"@graph\":[{\"@type\":\"WebPage\",\"@id\":\"https:\\\/\\\/go4mobility.com\\\/pt-pt\\\/press-releases\\\/\",\"url\":\"https:\\\/\\\/go4mobility.com\\\/pt-pt\\\/press-releases\\\/\",\"name\":\"Blog | Go4Mobility\",\"isPartOf\":{\"@id\":\"https:\\\/\\\/go4mobility.com\\\/pt-pt\\\/#website\"},\"primaryImageOfPage\":{\"@id\":\"https:\\\/\\\/go4mobility.com\\\/pt-pt\\\/press-releases\\\/#primaryimage\"},\"image\":{\"@id\":\"https:\\\/\\\/go4mobility.com\\\/pt-pt\\\/press-releases\\\/#primaryimage\"},\"thumbnailUrl\":\"http:\\\/\\\/go4mobility.com\\\/wp-content\\\/uploads\\\/2020\\\/09\\\/Imagem-Miniatura-Artigo-Maputo-LowRes.jpg\",\"datePublished\":\"2020-09-23T10:15:51+00:00\",\"dateModified\":\"2020-09-23T10:28:27+00:00\",\"description\":\"A Go4Mobility publica tend\u00eancias das comunica\u00e7\u00f5es, novidades sobre Direct Carrier Billing, Premium SMS, Messaging, Solu\u00e7\u00f5es de Voz.\",\"breadcrumb\":{\"@id\":\"https:\\\/\\\/go4mobility.com\\\/pt-pt\\\/press-releases\\\/#breadcrumb\"},\"inLanguage\":\"pt-PT\",\"potentialAction\":[{\"@type\":\"ReadAction\",\"target\":[\"https:\\\/\\\/go4mobility.com\\\/pt-pt\\\/press-releases\\\/\"]}]},{\"@type\":\"ImageObject\",\"inLanguage\":\"pt-PT\",\"@id\":\"https:\\\/\\\/go4mobility.com\\\/pt-pt\\\/press-releases\\\/#primaryimage\",\"url\":\"http:\\\/\\\/go4mobility.com\\\/wp-content\\\/uploads\\\/2020\\\/09\\\/Imagem-Miniatura-Artigo-Maputo-LowRes.jpg\",\"contentUrl\":\"http:\\\/\\\/go4mobility.com\\\/wp-content\\\/uploads\\\/2020\\\/09\\\/Imagem-Miniatura-Artigo-Maputo-LowRes.jpg\"},{\"@type\":\"BreadcrumbList\",\"@id\":\"https:\\\/\\\/go4mobility.com\\\/pt-pt\\\/press-releases\\\/#breadcrumb\",\"itemListElement\":[{\"@type\":\"ListItem\",\"position\":1,\"name\":\"In\u00edcio\",\"item\":\"https:\\\/\\\/go4mobility.com\\\/en\\\/\"},{\"@type\":\"ListItem\",\"position\":2,\"name\":\"Press Releases\"}]},{\"@type\":\"WebSite\",\"@id\":\"https:\\\/\\\/go4mobility.com\\\/pt-pt\\\/#website\",\"url\":\"https:\\\/\\\/go4mobility.com\\\/pt-pt\\\/\",\"name\":\"Go4Mobility\",\"description\":\"\",\"publisher\":{\"@id\":\"https:\\\/\\\/go4mobility.com\\\/pt-pt\\\/#organization\"},\"potentialAction\":[{\"@type\":\"SearchAction\",\"target\":{\"@type\":\"EntryPoint\",\"urlTemplate\":\"https:\\\/\\\/go4mobility.com\\\/pt-pt\\\/?s={search_term_string}\"},\"query-input\":{\"@type\":\"PropertyValueSpecification\",\"valueRequired\":true,\"valueName\":\"search_term_string\"}}],\"inLanguage\":\"pt-PT\"},{\"@type\":\"Organization\",\"@id\":\"https:\\\/\\\/go4mobility.com\\\/pt-pt\\\/#organization\",\"name\":\"Go4Mobility\",\"url\":\"https:\\\/\\\/go4mobility.com\\\/pt-pt\\\/\",\"logo\":{\"@type\":\"ImageObject\",\"inLanguage\":\"pt-PT\",\"@id\":\"https:\\\/\\\/go4mobility.com\\\/pt-pt\\\/#\\\/schema\\\/logo\\\/image\\\/\",\"url\":\"http:\\\/\\\/go4mobility.com\\\/wp-content\\\/uploads\\\/2019\\\/03\\\/logo.png\",\"contentUrl\":\"http:\\\/\\\/go4mobility.com\\\/wp-content\\\/uploads\\\/2019\\\/03\\\/logo.png\",\"width\":587,\"height\":121,\"caption\":\"Go4Mobility\"},\"image\":{\"@id\":\"https:\\\/\\\/go4mobility.com\\\/pt-pt\\\/#\\\/schema\\\/logo\\\/image\\\/\"}}]}<\/script>\n<!-- \/ Yoast SEO plugin. -->","yoast_head_json":{"title":"Blog | Go4Mobility","description":"A Go4Mobility publica tend\u00eancias das comunica\u00e7\u00f5es, novidades sobre Direct Carrier Billing, Premium SMS, Messaging, Solu\u00e7\u00f5es de Voz.","robots":{"index":"index","follow":"follow","max-snippet":"max-snippet:-1","max-image-preview":"max-image-preview:large","max-video-preview":"max-video-preview:-1"},"canonical":"https:\/\/go4mobility.com\/pt-pt\/press-releases\/","og_locale":"pt_PT","og_type":"article","og_title":"Blog | Go4Mobility","og_description":"A Go4Mobility publica tend\u00eancias das comunica\u00e7\u00f5es, novidades sobre Direct Carrier Billing, Premium SMS, Messaging, Solu\u00e7\u00f5es de Voz.","og_url":"https:\/\/go4mobility.com\/pt-pt\/press-releases\/","og_site_name":"Go4Mobility","article_modified_time":"2020-09-23T10:28:27+00:00","og_image":[{"url":"http:\/\/go4mobility.com\/wp-content\/uploads\/2020\/09\/Imagem-Miniatura-Artigo-Maputo-LowRes.jpg","type":"","width":"","height":""}],"twitter_card":"summary_large_image","schema":{"@context":"https:\/\/schema.org","@graph":[{"@type":"WebPage","@id":"https:\/\/go4mobility.com\/pt-pt\/press-releases\/","url":"https:\/\/go4mobility.com\/pt-pt\/press-releases\/","name":"Blog | Go4Mobility","isPartOf":{"@id":"https:\/\/go4mobility.com\/pt-pt\/#website"},"primaryImageOfPage":{"@id":"https:\/\/go4mobility.com\/pt-pt\/press-releases\/#primaryimage"},"image":{"@id":"https:\/\/go4mobility.com\/pt-pt\/press-releases\/#primaryimage"},"thumbnailUrl":"http:\/\/go4mobility.com\/wp-content\/uploads\/2020\/09\/Imagem-Miniatura-Artigo-Maputo-LowRes.jpg","datePublished":"2020-09-23T10:15:51+00:00","dateModified":"2020-09-23T10:28:27+00:00","description":"A Go4Mobility publica tend\u00eancias das comunica\u00e7\u00f5es, novidades sobre Direct Carrier Billing, Premium SMS, Messaging, Solu\u00e7\u00f5es de Voz.","breadcrumb":{"@id":"https:\/\/go4mobility.com\/pt-pt\/press-releases\/#breadcrumb"},"inLanguage":"pt-PT","potentialAction":[{"@type":"ReadAction","target":["https:\/\/go4mobility.com\/pt-pt\/press-releases\/"]}]},{"@type":"ImageObject","inLanguage":"pt-PT","@id":"https:\/\/go4mobility.com\/pt-pt\/press-releases\/#primaryimage","url":"http:\/\/go4mobility.com\/wp-content\/uploads\/2020\/09\/Imagem-Miniatura-Artigo-Maputo-LowRes.jpg","contentUrl":"http:\/\/go4mobility.com\/wp-content\/uploads\/2020\/09\/Imagem-Miniatura-Artigo-Maputo-LowRes.jpg"},{"@type":"BreadcrumbList","@id":"https:\/\/go4mobility.com\/pt-pt\/press-releases\/#breadcrumb","itemListElement":[{"@type":"ListItem","position":1,"name":"In\u00edcio","item":"https:\/\/go4mobility.com\/en\/"},{"@type":"ListItem","position":2,"name":"Press Releases"}]},{"@type":"WebSite","@id":"https:\/\/go4mobility.com\/pt-pt\/#website","url":"https:\/\/go4mobility.com\/pt-pt\/","name":"Go4Mobility","description":"","publisher":{"@id":"https:\/\/go4mobility.com\/pt-pt\/#organization"},"potentialAction":[{"@type":"SearchAction","target":{"@type":"EntryPoint","urlTemplate":"https:\/\/go4mobility.com\/pt-pt\/?s={search_term_string}"},"query-input":{"@type":"PropertyValueSpecification","valueRequired":true,"valueName":"search_term_string"}}],"inLanguage":"pt-PT"},{"@type":"Organization","@id":"https:\/\/go4mobility.com\/pt-pt\/#organization","name":"Go4Mobility","url":"https:\/\/go4mobility.com\/pt-pt\/","logo":{"@type":"ImageObject","inLanguage":"pt-PT","@id":"https:\/\/go4mobility.com\/pt-pt\/#\/schema\/logo\/image\/","url":"http:\/\/go4mobility.com\/wp-content\/uploads\/2019\/03\/logo.png","contentUrl":"http:\/\/go4mobility.com\/wp-content\/uploads\/2019\/03\/logo.png","width":587,"height":121,"caption":"Go4Mobility"},"image":{"@id":"https:\/\/go4mobility.com\/pt-pt\/#\/schema\/logo\/image\/"}}]}},"_links":{"self":[{"href":"https:\/\/go4mobility.com\/pt-pt\/wp-json\/wp\/v2\/pages\/8415","targetHints":{"allow":["GET"]}}],"collection":[{"href":"https:\/\/go4mobility.com\/pt-pt\/wp-json\/wp\/v2\/pages"}],"about":[{"href":"https:\/\/go4mobility.com\/pt-pt\/wp-json\/wp\/v2\/types\/page"}],"author":[{"embeddable":true,"href":"https:\/\/go4mobility.com\/pt-pt\/wp-json\/wp\/v2\/users\/18"}],"replies":[{"embeddable":true,"href":"https:\/\/go4mobility.com\/pt-pt\/wp-json\/wp\/v2\/comments?post=8415"}],"version-history":[{"count":2,"href":"https:\/\/go4mobility.com\/pt-pt\/wp-json\/wp\/v2\/pages\/8415\/revisions"}],"predecessor-version":[{"id":8422,"href":"https:\/\/go4mobility.com\/pt-pt\/wp-json\/wp\/v2\/pages\/8415\/revisions\/8422"}],"wp:attachment":[{"href":"https:\/\/go4mobility.com\/pt-pt\/wp-json\/wp\/v2\/media?parent=8415"}],"curies":[{"name":"wp","href":"https:\/\/api.w.org\/{rel}","templated":true}]}}