{"id":4081,"date":"2019-04-26T16:51:54","date_gmt":"2019-04-26T16:51:54","guid":{"rendered":"https:\/\/go4mobility.com\/?page_id=4081"},"modified":"2020-10-12T17:22:14","modified_gmt":"2020-10-12T16:22:14","slug":"solucoes-de-pagamento","status":"publish","type":"page","link":"https:\/\/go4mobility.com\/pt-pt\/solucoes-de-pagamento\/","title":{"rendered":"Solu\u00e7\u00f5es de Pagamento"},"content":{"rendered":"\t\t<div data-elementor-type=\"wp-post\" data-elementor-id=\"4081\" class=\"elementor elementor-4081\">\n\t\t\t\t\t\t<section class=\"elementor-section elementor-top-section elementor-element elementor-element-512daea elementor-section-boxed elementor-section-height-default elementor-section-height-default\" data-id=\"512daea\" data-element_type=\"section\" data-e-type=\"section\" data-settings=\"{&quot;background_background&quot;:&quot;classic&quot;}\">\n\t\t\t\t\t\t<div class=\"elementor-container elementor-column-gap-default\">\n\t\t\t\t\t<div class=\"elementor-column elementor-col-100 elementor-top-column elementor-element elementor-element-c231036 elementor-invisible\" data-id=\"c231036\" data-element_type=\"column\" data-e-type=\"column\" data-settings=\"{&quot;background_background&quot;:&quot;classic&quot;,&quot;animation&quot;:&quot;fadeIn&quot;}\">\n\t\t\t<div class=\"elementor-widget-wrap elementor-element-populated\">\n\t\t\t\t\t\t<div class=\"elementor-element elementor-element-b5e5784 elementor-widget-divider--view-line elementor-invisible elementor-widget elementor-widget-divider\" data-id=\"b5e5784\" data-element_type=\"widget\" data-e-type=\"widget\" data-settings=\"{&quot;_animation&quot;:&quot;fadeIn&quot;}\" data-widget_type=\"divider.default\">\n\t\t\t\t\t\t\t<div class=\"elementor-divider\">\n\t\t\t<span class=\"elementor-divider-separator\">\n\t\t\t\t\t\t<\/span>\n\t\t<\/div>\n\t\t\t\t\t\t<\/div>\n\t\t\t\t<div class=\"elementor-element elementor-element-be91d99 elementor-invisible elementor-widget elementor-widget-heading\" data-id=\"be91d99\" data-element_type=\"widget\" data-e-type=\"widget\" data-settings=\"{&quot;_animation&quot;:&quot;fadeIn&quot;}\" data-widget_type=\"heading.default\">\n\t\t\t\t\t<h2 class=\"elementor-heading-title elementor-size-default\">Desenvolvemos solu\u00e7\u00f5es de pagamento inovadoras que permitem transa\u00e7\u00f5es r\u00e1pidas e seguras.\n<\/h2>\t\t\t\t<\/div>\n\t\t\t\t\t<\/div>\n\t\t<\/div>\n\t\t\t\t\t<\/div>\n\t\t<\/section>\n\t\t\t\t<section class=\"elementor-section elementor-top-section elementor-element elementor-element-4e49778 elementor-section-stretched elementor-section-boxed elementor-section-height-default elementor-section-height-default elementor-invisible\" data-id=\"4e49778\" data-element_type=\"section\" data-e-type=\"section\" data-settings=\"{&quot;animation&quot;:&quot;fadeIn&quot;,&quot;stretch_section&quot;:&quot;section-stretched&quot;,&quot;background_background&quot;:&quot;classic&quot;}\">\n\t\t\t\t\t\t<div class=\"elementor-container elementor-column-gap-wider\">\n\t\t\t\t\t<div class=\"elementor-column elementor-col-50 elementor-top-column elementor-element elementor-element-eb44d31 elementor-invisible\" data-id=\"eb44d31\" data-element_type=\"column\" data-e-type=\"column\" data-settings=\"{&quot;background_background&quot;:&quot;classic&quot;,&quot;animation&quot;:&quot;fadeInUp&quot;}\">\n\t\t\t<div class=\"elementor-widget-wrap elementor-element-populated\">\n\t\t\t\t\t\t<div class=\"elementor-element elementor-element-9bc0627 services_module elementor-widget elementor-widget-image-box\" data-id=\"9bc0627\" data-element_type=\"widget\" data-e-type=\"widget\" data-widget_type=\"image-box.default\">\n\t\t\t\t\t<div class=\"elementor-image-box-wrapper\"><div class=\"elementor-image-box-content\"><h3 class=\"elementor-image-box-title\"><a href=\"http:\/\/go4mobility.com\/solucoes-de-pagamento\/mobile-pay\/\">Direct Carrier Billing<\/a><\/h3><\/div><\/div>\t\t\t\t<\/div>\n\t\t\t\t<div class=\"elementor-element elementor-element-5326724 elementor-widget elementor-widget-text-editor\" data-id=\"5326724\" data-element_type=\"widget\" data-e-type=\"widget\" data-widget_type=\"text-editor.default\">\n\t\t\t\t\t\t\t\t\t<p><span style=\"font-weight: 400;\">A forma mais simples de pagar por servi\u00e7os digitais<\/span><\/p>\t\t\t\t\t\t\t\t<\/div>\n\t\t\t\t<div class=\"elementor-element elementor-element-06ad32e elementor-widget elementor-widget-text-editor\" data-id=\"06ad32e\" data-element_type=\"widget\" data-e-type=\"widget\" data-widget_type=\"text-editor.default\">\n\t\t\t\t\t\t\t\t\t<p><span style=\"font-weight: 400;\">M\u00e9todo de pagamento online, que permite que o utilizador seja cobrado diretamente no saldo do telem\u00f3vel.<\/span><\/p><p><a style=\"font-family: Rubik, sans-serif; color: #6cace4;\" href=\"http:\/\/go4mobility.com\/solucoes-de-pagamento\/mobile-pay\/\">Saiba mais<\/a><\/p>\t\t\t\t\t\t\t\t<\/div>\n\t\t\t\t\t<\/div>\n\t\t<\/div>\n\t\t\t\t<div class=\"elementor-column elementor-col-50 elementor-top-column elementor-element elementor-element-723d397 elementor-invisible\" data-id=\"723d397\" data-element_type=\"column\" data-e-type=\"column\" data-settings=\"{&quot;background_background&quot;:&quot;classic&quot;,&quot;animation&quot;:&quot;fadeInUp&quot;}\">\n\t\t\t<div class=\"elementor-widget-wrap elementor-element-populated\">\n\t\t\t\t\t\t<div class=\"elementor-element elementor-element-625d8aa services_module elementor-widget elementor-widget-image-box\" data-id=\"625d8aa\" data-element_type=\"widget\" data-e-type=\"widget\" data-widget_type=\"image-box.default\">\n\t\t\t\t\t<div class=\"elementor-image-box-wrapper\"><div class=\"elementor-image-box-content\"><h3 class=\"elementor-image-box-title\"><a href=\"http:\/\/go4mobility.com\/solucoes-de-pagamento\/sms-pay\/\">Premium SMS<\/a><\/h3><\/div><\/div>\t\t\t\t<\/div>\n\t\t\t\t<div class=\"elementor-element elementor-element-8dfaeba elementor-widget elementor-widget-text-editor\" data-id=\"8dfaeba\" data-element_type=\"widget\" data-e-type=\"widget\" data-widget_type=\"text-editor.default\">\n\t\t\t\t\t\t\t\t\t<p><span style=\"font-weight: 400;\">Solu\u00e7\u00e3o de pagamento m\u00f3vel para micropagamentos<\/span><\/p>\t\t\t\t\t\t\t\t<\/div>\n\t\t\t\t<div class=\"elementor-element elementor-element-3ae1aa5 elementor-widget elementor-widget-text-editor\" data-id=\"3ae1aa5\" data-element_type=\"widget\" data-e-type=\"widget\" data-widget_type=\"text-editor.default\">\n\t\t\t\t\t\t\t\t\t<p><span style=\"font-weight: 400;\">O pagamento por Premium SMS permite que utilizador pague por conte\u00fados ou servi\u00e7os digitais atrav\u00e9s de uma mensagem.<\/span><\/p><p><a style=\"font-family: Rubik, sans-serif; color: #6cace4;\" href=\"http:\/\/go4mobility.com\/solucoes-de-pagamento\/sms-pay\/\">Saiba mais<\/a><\/p>\t\t\t\t\t\t\t\t<\/div>\n\t\t\t\t\t<\/div>\n\t\t<\/div>\n\t\t\t\t\t<\/div>\n\t\t<\/section>\n\t\t\t\t<section class=\"elementor-section elementor-top-section elementor-element elementor-element-7020d27a elementor-section-stretched animated-slow elementor-section-boxed elementor-section-height-default elementor-section-height-default elementor-invisible\" data-id=\"7020d27a\" data-element_type=\"section\" data-e-type=\"section\" data-settings=\"{&quot;stretch_section&quot;:&quot;section-stretched&quot;,&quot;background_background&quot;:&quot;classic&quot;,&quot;animation&quot;:&quot;fadeIn&quot;}\">\n\t\t\t\t\t\t<div class=\"elementor-container elementor-column-gap-default\">\n\t\t\t\t\t<div class=\"elementor-column elementor-col-50 elementor-top-column elementor-element elementor-element-75caf6c0\" data-id=\"75caf6c0\" data-element_type=\"column\" data-e-type=\"column\">\n\t\t\t<div class=\"elementor-widget-wrap elementor-element-populated\">\n\t\t\t\t\t\t<div class=\"elementor-element elementor-element-1a2886b4 elementor-widget elementor-widget-heading\" data-id=\"1a2886b4\" data-element_type=\"widget\" data-e-type=\"widget\" data-widget_type=\"heading.default\">\n\t\t\t\t\t<h4 class=\"elementor-heading-title elementor-size-default\">A Go4Mobility pode ser o parceiro ideal para si.<\/h4>\t\t\t\t<\/div>\n\t\t\t\t<div class=\"elementor-element elementor-element-260a8f0b elementor-widget elementor-widget-text-editor\" data-id=\"260a8f0b\" data-element_type=\"widget\" data-e-type=\"widget\" data-widget_type=\"text-editor.default\">\n\t\t\t\t\t\t\t\t\t<p>Quer saber mais?<\/p>\t\t\t\t\t\t\t\t<\/div>\n\t\t\t\t\t<\/div>\n\t\t<\/div>\n\t\t\t\t<div class=\"elementor-column elementor-col-50 elementor-top-column elementor-element elementor-element-37c984ea\" data-id=\"37c984ea\" data-element_type=\"column\" data-e-type=\"column\">\n\t\t\t<div class=\"elementor-widget-wrap elementor-element-populated\">\n\t\t\t\t\t\t<div class=\"elementor-element elementor-element-657c61db elementor-align-center elementor-widget elementor-widget-button\" data-id=\"657c61db\" data-element_type=\"widget\" data-e-type=\"widget\" data-widget_type=\"button.default\">\n\t\t\t\t\t\t\t\t\t\t<a class=\"elementor-button elementor-button-link elementor-size-sm\" href=\"\/contactos\/\">\n\t\t\t\t\t\t<span class=\"elementor-button-content-wrapper\">\n\t\t\t\t\t\t\t\t\t<span class=\"elementor-button-text\">Contacte-nos<\/span>\n\t\t\t\t\t<\/span>\n\t\t\t\t\t<\/a>\n\t\t\t\t\t\t\t\t<\/div>\n\t\t\t\t\t<\/div>\n\t\t<\/div>\n\t\t\t\t\t<\/div>\n\t\t<\/section>\n\t\t\t\t<\/div>\n\t\t","protected":false},"excerpt":{"rendered":"<p>Desenvolvemos solu\u00e7\u00f5es de pagamento inovadoras que permitem transa\u00e7\u00f5es r\u00e1pidas e seguras. Direct Carrier Billing A forma mais simples de pagar por servi\u00e7os digitais M\u00e9todo de pagamento online, que permite que o utilizador seja cobrado diretamente no saldo do telem\u00f3vel. Saiba mais Premium SMS Solu\u00e7\u00e3o de pagamento m\u00f3vel para micropagamentos O pagamento por Premium SMS permite [&hellip;]<\/p>\n","protected":false},"author":18,"featured_media":0,"parent":0,"menu_order":0,"comment_status":"closed","ping_status":"closed","template":"","meta":{"footnotes":""},"class_list":["post-4081","page","type-page","status-publish","hentry"],"yoast_head":"<!-- This site is optimized with the Yoast SEO plugin v27.4 - https:\/\/yoast.com\/product\/yoast-seo-wordpress\/ -->\n<title>Solu\u00e7\u00f5es de Pagamento M\u00f3vel | Go4Mobility<\/title>\n<meta name=\"description\" content=\"Desenvolvemos solu\u00e7\u00f5es de pagamento inovadoras que permitem transa\u00e7\u00f5es r\u00e1pidas e seguras, atrav\u00e9s do pagamento na fatura m\u00f3vel.\" \/>\n<meta name=\"robots\" content=\"index, follow, max-snippet:-1, max-image-preview:large, max-video-preview:-1\" \/>\n<link rel=\"canonical\" href=\"https:\/\/go4mobility.com\/pt-pt\/solucoes-de-pagamento\/\" \/>\n<meta property=\"og:locale\" content=\"pt_PT\" \/>\n<meta property=\"og:type\" content=\"article\" \/>\n<meta property=\"og:title\" content=\"Solu\u00e7\u00f5es de Pagamento M\u00f3vel | Go4Mobility\" \/>\n<meta property=\"og:description\" content=\"Desenvolvemos solu\u00e7\u00f5es de pagamento inovadoras que permitem transa\u00e7\u00f5es r\u00e1pidas e seguras, atrav\u00e9s do pagamento na fatura m\u00f3vel.\" \/>\n<meta property=\"og:url\" content=\"https:\/\/go4mobility.com\/pt-pt\/solucoes-de-pagamento\/\" \/>\n<meta property=\"og:site_name\" content=\"Go4Mobility\" \/>\n<meta property=\"article:modified_time\" content=\"2020-10-12T16:22:14+00:00\" \/>\n<meta name=\"twitter:card\" content=\"summary_large_image\" \/>\n<script type=\"application\/ld+json\" class=\"yoast-schema-graph\">{\"@context\":\"https:\\\/\\\/schema.org\",\"@graph\":[{\"@type\":\"WebPage\",\"@id\":\"https:\\\/\\\/go4mobility.com\\\/pt-pt\\\/solucoes-de-pagamento\\\/\",\"url\":\"https:\\\/\\\/go4mobility.com\\\/pt-pt\\\/solucoes-de-pagamento\\\/\",\"name\":\"Solu\u00e7\u00f5es de Pagamento M\u00f3vel | Go4Mobility\",\"isPartOf\":{\"@id\":\"https:\\\/\\\/go4mobility.com\\\/pt-pt\\\/#website\"},\"datePublished\":\"2019-04-26T16:51:54+00:00\",\"dateModified\":\"2020-10-12T16:22:14+00:00\",\"description\":\"Desenvolvemos solu\u00e7\u00f5es de pagamento inovadoras que permitem transa\u00e7\u00f5es r\u00e1pidas e seguras, atrav\u00e9s do pagamento na fatura m\u00f3vel.\",\"breadcrumb\":{\"@id\":\"https:\\\/\\\/go4mobility.com\\\/pt-pt\\\/solucoes-de-pagamento\\\/#breadcrumb\"},\"inLanguage\":\"pt-PT\",\"potentialAction\":[{\"@type\":\"ReadAction\",\"target\":[\"https:\\\/\\\/go4mobility.com\\\/pt-pt\\\/solucoes-de-pagamento\\\/\"]}]},{\"@type\":\"BreadcrumbList\",\"@id\":\"https:\\\/\\\/go4mobility.com\\\/pt-pt\\\/solucoes-de-pagamento\\\/#breadcrumb\",\"itemListElement\":[{\"@type\":\"ListItem\",\"position\":1,\"name\":\"In\u00edcio\",\"item\":\"https:\\\/\\\/go4mobility.com\\\/en\\\/\"},{\"@type\":\"ListItem\",\"position\":2,\"name\":\"Solu\u00e7\u00f5es de Pagamento\"}]},{\"@type\":\"WebSite\",\"@id\":\"https:\\\/\\\/go4mobility.com\\\/pt-pt\\\/#website\",\"url\":\"https:\\\/\\\/go4mobility.com\\\/pt-pt\\\/\",\"name\":\"Go4Mobility\",\"description\":\"\",\"publisher\":{\"@id\":\"https:\\\/\\\/go4mobility.com\\\/pt-pt\\\/#organization\"},\"potentialAction\":[{\"@type\":\"SearchAction\",\"target\":{\"@type\":\"EntryPoint\",\"urlTemplate\":\"https:\\\/\\\/go4mobility.com\\\/pt-pt\\\/?s={search_term_string}\"},\"query-input\":{\"@type\":\"PropertyValueSpecification\",\"valueRequired\":true,\"valueName\":\"search_term_string\"}}],\"inLanguage\":\"pt-PT\"},{\"@type\":\"Organization\",\"@id\":\"https:\\\/\\\/go4mobility.com\\\/pt-pt\\\/#organization\",\"name\":\"Go4Mobility\",\"url\":\"https:\\\/\\\/go4mobility.com\\\/pt-pt\\\/\",\"logo\":{\"@type\":\"ImageObject\",\"inLanguage\":\"pt-PT\",\"@id\":\"https:\\\/\\\/go4mobility.com\\\/pt-pt\\\/#\\\/schema\\\/logo\\\/image\\\/\",\"url\":\"http:\\\/\\\/go4mobility.com\\\/wp-content\\\/uploads\\\/2019\\\/03\\\/logo.png\",\"contentUrl\":\"http:\\\/\\\/go4mobility.com\\\/wp-content\\\/uploads\\\/2019\\\/03\\\/logo.png\",\"width\":587,\"height\":121,\"caption\":\"Go4Mobility\"},\"image\":{\"@id\":\"https:\\\/\\\/go4mobility.com\\\/pt-pt\\\/#\\\/schema\\\/logo\\\/image\\\/\"}}]}<\/script>\n<!-- \/ Yoast SEO plugin. -->","yoast_head_json":{"title":"Solu\u00e7\u00f5es de Pagamento M\u00f3vel | Go4Mobility","description":"Desenvolvemos solu\u00e7\u00f5es de pagamento inovadoras que permitem transa\u00e7\u00f5es r\u00e1pidas e seguras, atrav\u00e9s do pagamento na fatura m\u00f3vel.","robots":{"index":"index","follow":"follow","max-snippet":"max-snippet:-1","max-image-preview":"max-image-preview:large","max-video-preview":"max-video-preview:-1"},"canonical":"https:\/\/go4mobility.com\/pt-pt\/solucoes-de-pagamento\/","og_locale":"pt_PT","og_type":"article","og_title":"Solu\u00e7\u00f5es de Pagamento M\u00f3vel | Go4Mobility","og_description":"Desenvolvemos solu\u00e7\u00f5es de pagamento inovadoras que permitem transa\u00e7\u00f5es r\u00e1pidas e seguras, atrav\u00e9s do pagamento na fatura m\u00f3vel.","og_url":"https:\/\/go4mobility.com\/pt-pt\/solucoes-de-pagamento\/","og_site_name":"Go4Mobility","article_modified_time":"2020-10-12T16:22:14+00:00","twitter_card":"summary_large_image","schema":{"@context":"https:\/\/schema.org","@graph":[{"@type":"WebPage","@id":"https:\/\/go4mobility.com\/pt-pt\/solucoes-de-pagamento\/","url":"https:\/\/go4mobility.com\/pt-pt\/solucoes-de-pagamento\/","name":"Solu\u00e7\u00f5es de Pagamento M\u00f3vel | Go4Mobility","isPartOf":{"@id":"https:\/\/go4mobility.com\/pt-pt\/#website"},"datePublished":"2019-04-26T16:51:54+00:00","dateModified":"2020-10-12T16:22:14+00:00","description":"Desenvolvemos solu\u00e7\u00f5es de pagamento inovadoras que permitem transa\u00e7\u00f5es r\u00e1pidas e seguras, atrav\u00e9s do pagamento na fatura m\u00f3vel.","breadcrumb":{"@id":"https:\/\/go4mobility.com\/pt-pt\/solucoes-de-pagamento\/#breadcrumb"},"inLanguage":"pt-PT","potentialAction":[{"@type":"ReadAction","target":["https:\/\/go4mobility.com\/pt-pt\/solucoes-de-pagamento\/"]}]},{"@type":"BreadcrumbList","@id":"https:\/\/go4mobility.com\/pt-pt\/solucoes-de-pagamento\/#breadcrumb","itemListElement":[{"@type":"ListItem","position":1,"name":"In\u00edcio","item":"https:\/\/go4mobility.com\/en\/"},{"@type":"ListItem","position":2,"name":"Solu\u00e7\u00f5es de Pagamento"}]},{"@type":"WebSite","@id":"https:\/\/go4mobility.com\/pt-pt\/#website","url":"https:\/\/go4mobility.com\/pt-pt\/","name":"Go4Mobility","description":"","publisher":{"@id":"https:\/\/go4mobility.com\/pt-pt\/#organization"},"potentialAction":[{"@type":"SearchAction","target":{"@type":"EntryPoint","urlTemplate":"https:\/\/go4mobility.com\/pt-pt\/?s={search_term_string}"},"query-input":{"@type":"PropertyValueSpecification","valueRequired":true,"valueName":"search_term_string"}}],"inLanguage":"pt-PT"},{"@type":"Organization","@id":"https:\/\/go4mobility.com\/pt-pt\/#organization","name":"Go4Mobility","url":"https:\/\/go4mobility.com\/pt-pt\/","logo":{"@type":"ImageObject","inLanguage":"pt-PT","@id":"https:\/\/go4mobility.com\/pt-pt\/#\/schema\/logo\/image\/","url":"http:\/\/go4mobility.com\/wp-content\/uploads\/2019\/03\/logo.png","contentUrl":"http:\/\/go4mobility.com\/wp-content\/uploads\/2019\/03\/logo.png","width":587,"height":121,"caption":"Go4Mobility"},"image":{"@id":"https:\/\/go4mobility.com\/pt-pt\/#\/schema\/logo\/image\/"}}]}},"_links":{"self":[{"href":"https:\/\/go4mobility.com\/pt-pt\/wp-json\/wp\/v2\/pages\/4081","targetHints":{"allow":["GET"]}}],"collection":[{"href":"https:\/\/go4mobility.com\/pt-pt\/wp-json\/wp\/v2\/pages"}],"about":[{"href":"https:\/\/go4mobility.com\/pt-pt\/wp-json\/wp\/v2\/types\/page"}],"author":[{"embeddable":true,"href":"https:\/\/go4mobility.com\/pt-pt\/wp-json\/wp\/v2\/users\/18"}],"replies":[{"embeddable":true,"href":"https:\/\/go4mobility.com\/pt-pt\/wp-json\/wp\/v2\/comments?post=4081"}],"version-history":[{"count":19,"href":"https:\/\/go4mobility.com\/pt-pt\/wp-json\/wp\/v2\/pages\/4081\/revisions"}],"predecessor-version":[{"id":8477,"href":"https:\/\/go4mobility.com\/pt-pt\/wp-json\/wp\/v2\/pages\/4081\/revisions\/8477"}],"wp:attachment":[{"href":"https:\/\/go4mobility.com\/pt-pt\/wp-json\/wp\/v2\/media?parent=4081"}],"curies":[{"name":"wp","href":"https:\/\/api.w.org\/{rel}","templated":true}]}}