{"id":4546,"date":"2019-04-05T11:17:47","date_gmt":"2019-04-05T11:17:47","guid":{"rendered":"https:\/\/go4mobility.com\/politica-de-privacidade\/"},"modified":"2023-12-21T08:58:01","modified_gmt":"2023-12-21T08:58:01","slug":"politica-de-privacidad","status":"publish","type":"page","link":"https:\/\/go4mobility.com\/es\/politica-de-privacidad\/","title":{"rendered":"Pol\u00edtica de Privacidad"},"content":{"rendered":"\t\t<div data-elementor-type=\"wp-post\" data-elementor-id=\"4546\" class=\"elementor elementor-4546\">\n\t\t\t\t\t\t<section class=\"elementor-section elementor-top-section elementor-element elementor-element-a78dc38 elementor-section-boxed elementor-section-height-default elementor-section-height-default\" data-id=\"a78dc38\" data-element_type=\"section\" data-e-type=\"section\">\n\t\t\t\t\t\t<div class=\"elementor-container elementor-column-gap-default\">\n\t\t\t\t\t<div class=\"elementor-column elementor-col-100 elementor-top-column elementor-element elementor-element-0690b24\" data-id=\"0690b24\" data-element_type=\"column\" data-e-type=\"column\">\n\t\t\t<div class=\"elementor-widget-wrap elementor-element-populated\">\n\t\t\t\t\t\t<div class=\"elementor-element elementor-element-61aafb8 elementor-widget-divider--view-line elementor-invisible elementor-widget elementor-widget-divider\" data-id=\"61aafb8\" data-element_type=\"widget\" data-e-type=\"widget\" data-settings=\"{&quot;_animation&quot;:&quot;fadeIn&quot;}\" data-widget_type=\"divider.default\">\n\t\t\t\t\t\t\t<div class=\"elementor-divider\">\n\t\t\t<span class=\"elementor-divider-separator\">\n\t\t\t\t\t\t<\/span>\n\t\t<\/div>\n\t\t\t\t\t\t<\/div>\n\t\t\t\t\t<\/div>\n\t\t<\/div>\n\t\t\t\t\t<\/div>\n\t\t<\/section>\n\t\t\t\t<section class=\"elementor-section elementor-top-section elementor-element elementor-element-d4bf4bc elementor-section-boxed elementor-section-height-default elementor-section-height-default\" data-id=\"d4bf4bc\" data-element_type=\"section\" data-e-type=\"section\">\n\t\t\t\t\t\t<div class=\"elementor-container elementor-column-gap-default\">\n\t\t\t\t\t<div class=\"elementor-column elementor-col-100 elementor-top-column elementor-element elementor-element-d559528\" data-id=\"d559528\" data-element_type=\"column\" data-e-type=\"column\">\n\t\t\t<div class=\"elementor-widget-wrap elementor-element-populated\">\n\t\t\t\t\t\t<div class=\"elementor-element elementor-element-80d1950 elementor-widget elementor-widget-heading\" data-id=\"80d1950\" data-element_type=\"widget\" data-e-type=\"widget\" data-widget_type=\"heading.default\">\n\t\t\t\t\t<h2 class=\"elementor-heading-title elementor-size-default\">Privacy Policy<\/h2>\t\t\t\t<\/div>\n\t\t\t\t\t<\/div>\n\t\t<\/div>\n\t\t\t\t\t<\/div>\n\t\t<\/section>\n\t\t\t\t<section class=\"elementor-section elementor-top-section elementor-element elementor-element-276e206 elementor-section-boxed elementor-section-height-default elementor-section-height-default\" data-id=\"276e206\" data-element_type=\"section\" data-e-type=\"section\">\n\t\t\t\t\t\t<div class=\"elementor-container elementor-column-gap-default\">\n\t\t\t\t\t<div class=\"elementor-column elementor-col-100 elementor-top-column elementor-element elementor-element-27b5f37\" data-id=\"27b5f37\" data-element_type=\"column\" data-e-type=\"column\">\n\t\t\t<div class=\"elementor-widget-wrap elementor-element-populated\">\n\t\t\t\t\t\t<div class=\"elementor-element elementor-element-57a6d8a elementor-widget elementor-widget-text-editor\" data-id=\"57a6d8a\" data-element_type=\"widget\" data-e-type=\"widget\" data-widget_type=\"text-editor.default\">\n\t\t\t\t\t\t\t\t\t<p><span data-ccp-props=\"{\">\u00a0<\/span><span data-contrast=\"auto\">This Privacy Policy applies to data directly provided by the user or collected during the user\u2019s access to the Go4Mobility website. As part of its core activity and as a rule, Go4Mobility only receives pseudonymized personal data and is not able to identify their data subject.<\/span><span data-ccp-props=\"{\">\u00a0<\/span><\/p><p><span data-contrast=\"auto\">However, in some circumstances and for the purposes of handling any complaint submitted in relation to the Go4Mobility service as subcontractor or for job applications, we may have access to personal data, as data processors<\/span><span data-ccp-props=\"{\">\u00a0<\/span><\/p><p><span data-contrast=\"auto\">In this case, we shall fully comply with our obligations under the General Data Protection Regulation and other applicable provisions, to fulfil the rights of the data subjects.<\/span><span data-ccp-props=\"{\">\u00a0<\/span><\/p><p><span data-contrast=\"auto\">With this document, we intend to take a position of transparency regarding the data we process, their respective purposes and grounds, as well as the rights conferred to data subjects and how they may exercise said rights with Go4Mobility.<\/span><span data-ccp-props=\"{\">\u00a0<\/span><\/p><h3>Information Collected<\/h3><p><span data-contrast=\"auto\">Regarding the users of the Go4Mobility website, information and data are collected through the use of cookies and\/or at the time of subscription to our newsletter.<\/span><span data-ccp-props=\"{\">\u00a0<\/span><\/p><p><span data-contrast=\"auto\">The ground for data collection in these two situations is the consent of the data subject by accepting the use of cookies and\/or subscribing to the Go4Mobility newsletter.<\/span><span data-ccp-props=\"{\">\u00a0<\/span><\/p><p><span data-ccp-props=\"{\">\u00a0<\/span><\/p><h3>How does information collection regarding the user device works?\u00a0<\/h3><p><span data-contrast=\"auto\">For visitors of the Go4Mobility website, technical information about the user device are collected through the Internet browser, as well as those which concern the IP address, the operating system and, in some cases, possible reference websites, the screen resolution and the search engine used.<\/span><span data-ccp-props=\"{\">\u00a0<\/span><\/p><p><span data-ccp-props=\"{\">\u00a0<\/span><\/p><h3>How does collection of information by cookies in the Go4Mobility website?\u00a0<\/h3><p><span data-contrast=\"auto\">Go4Mobility automatically collects information on the visitor computer through cookies, namely of three different types:<\/span><span data-ccp-props=\"{\">\u00a0<\/span><\/p><h3>Simple Cookies<span data-ccp-props=\"{\">\u00a0<\/span><\/h3><p><span data-contrast=\"auto\">These cookies promote the efficient functioning of the website by registering the user&#8217;s route during his visit to the Go4Mobility website. However, they do not identify the user, and their deletion after the visit is automatic.<\/span><span data-ccp-props=\"{\">\u00a0<\/span><\/p><h3>Persistent cookies\u00a0<\/h3><p><span data-contrast=\"auto\">These cookies aim at identifying users whenever they access the website, which will allow to optimize and to adapt the navigation to the user. They work by assigning a unique user identification number, which is done at the time of accessing the Go4Mobility website. These cookies may be deleted; otherwise, they will remain on the user&#8217;s computer.<\/span><span data-ccp-props=\"{\">\u00a0<\/span><\/p><h3>Other cookies<span data-ccp-props=\"{\">\u00a0<\/span><\/h3><p><span data-contrast=\"auto\">Other types of cookies may be received on occasion.<\/span><span data-ccp-props=\"{\">\u00a0<\/span><\/p><p><span data-contrast=\"auto\">Simple cookies and persistent cookies may be used in emails sent by Go4Mobility.<\/span><span data-ccp-props=\"{\">\u00a0<\/span><\/p><p><span data-contrast=\"auto\">You may restrict the use of cookies through your browser. However, please note that this option of disabling the use of simple cookies may prevent access to certain features of HTML email messages.<\/span><span data-ccp-props=\"{\">\u00a0<\/span><\/p><p><span data-ccp-props=\"{\">\u00a0<\/span><\/p><h3>Collection and processing of children\u2019s data\u00a0<\/h3><p><span data-contrast=\"auto\">Go4Mobility does not collect or otherwise intentionally processes data from children. Liability for supervising the child, particularly when using technological means, rests with the holder of parental responsibilities.<\/span><span data-ccp-props=\"{\">\u00a0<\/span><\/p><p><span data-contrast=\"auto\">However, Go4Mobility is committed to immediately delete personal data relating to children, should it be notified by the holder of parental responsibilities of the collection of said data.<\/span><span data-ccp-props=\"{\">\u00a0<\/span><\/p><p><span data-contrast=\"auto\">This is a commitment we assume and make clear in our relation with the Customer when providing our services.<\/span><span data-ccp-props=\"{\">\u00a0<\/span><\/p><p><span data-ccp-props=\"{\">\u00a0<\/span><\/p><h3>How does Go4Mobility uses the data it collects?\u00a0<\/h3><ol><li><span data-contrast=\"auto\"> Data and information collected during the user\u2019s visit to the Go4Mobility website and \/ or by subscribing to its newsletter are used:<\/span><\/li><\/ol><ul><li><span data-contrast=\"auto\">To optimize the user&#8217;s visit to our website;<\/span><\/li><li><span data-contrast=\"auto\">To meet the user requests, namely for sending newsletters and information about our services;<\/span><\/li><li><span data-contrast=\"auto\">For statistical purposes, of navigation data, which will be pseudonymized;<\/span><\/li><li><span data-contrast=\"auto\">To provide, maintain, protect and improve our services and develop new ones;<\/span><\/li><li><span data-contrast=\"auto\">To guarantee the exercise of the rights of the data subjects;<\/span><\/li><li><span data-contrast=\"auto\">To improve the user browsing experience and the overall quality of our services, through information collected by cookies.<\/span><\/li><\/ul><p><span data-contrast=\"auto\">We shall request your express consent before using the information for purposes other than those expressly set out in this Privacy Policy. Go4Mobility is the entity responsible for data processing, and the data in question shall not be used for any other purpose and shall be kept for the duration of the service provision.<\/span><span data-ccp-props=\"{\">\u00a0<\/span><\/p><p><span data-contrast=\"auto\">It is understood that the service will last as long as the Customer remains registered as such with Go4Mobility. We shall only communicate said data to our service providers for the above-described purpose. You may exercise your rights under the law (access, rectification, deletion, restriction, opposition, portability) by written contact to the following email: <\/span><a href=\"mailto:compliance@go4mobility.com\"><span data-contrast=\"none\">compliance@go4mobility.com<\/span><\/a><span data-contrast=\"none\">.<\/span><span data-ccp-props=\"{\">\u00a0<\/span><\/p><p><span data-ccp-props=\"{\">\u00a0<\/span><\/p><p><span data-contrast=\"auto\">You may withdraw this consent at any time.<\/span><span data-ccp-props=\"{\">\u00a0<\/span><\/p><ol start=\"2\"><li><span data-contrast=\"auto\"> Personal data that Go4Mobility collects for the handling of complaints and claims related to its service are provided by the data subject when identifying himself at the time of submitting the claim. Thus, these data shall be used exclusively for this purpose.<\/span><\/li><li><span data-contrast=\"auto\"> Personal data given by any candidate to Go4Mobility through job application form, will be used strictly to the specific recruitment process that the candidate did apply. Candidate will provide any personal data needed for Curriculum Vitae triage.<\/span><\/li><\/ol><p><span data-ccp-props=\"{\">\u00a0<\/span><\/p><h4>Existence of automated decisions including profile definitions\u00a0<\/h4><p><span data-contrast=\"auto\">Go4Mobility does not take automated individual decisions.<\/span><span data-ccp-props=\"{\">\u00a0<\/span><\/p><p><span data-ccp-props=\"{\">\u00a0<\/span><\/p><h4>Safety Measures\u00a0<\/h4><p><span data-contrast=\"auto\">In line with the provisions of the General Data Protection Regulation, Go4Mobility has implemented and maintains technical and organizational measures to ensure the confidentiality of its data.<\/span><span data-ccp-props=\"{\">\u00a0<\/span><\/p><p><span data-contrast=\"auto\">Regarding any subcontractors or partners, these will be likewise required to comply with strict security measures and any data processing they may carry out on behalf of Go4Mobility will depend on prior instructions.<\/span><span data-ccp-props=\"{\">\u00a0<\/span><span data-ccp-props=\"{\">\u00a0<\/span><\/p><h4>Rights of the Data Subjects\u00a0<\/h4><p><span data-contrast=\"auto\">The General Data Protection Regulation acknowledges to the personal data subject the following rights:<\/span><span data-ccp-props=\"{\">\u00a0<\/span><\/p><ul><li><span data-contrast=\"auto\">Access to personal data;<\/span><\/li><li><span data-contrast=\"auto\">Updating and correcting of personal data;<\/span><\/li><li><span data-contrast=\"auto\">Deletion of personal data (\u00abright to be forgotten\u00bb);<\/span><\/li><li><span data-contrast=\"auto\">Limitation of the personal data treatment that may be carried out;<\/span><\/li><li><span data-contrast=\"auto\">Opposition to the processing of personal data;<\/span><\/li><li><span data-contrast=\"auto\">Portability of personal data.<\/span><\/li><\/ul><p><span data-contrast=\"auto\">As concerns personal data processed by Go4Mobility, the personal data subject may exercise these rights by means of a written request sent to the following email <\/span><span data-contrast=\"none\">compliance@go4mobility.com.<\/span><span data-contrast=\"auto\">\u00a0<\/span><span data-ccp-props=\"{\">\u00a0<\/span><\/p><p><span data-contrast=\"auto\">Please note that the personal data subject may always and at any time withdraw its consent to data processing. However, such withdrawal of consent does not compromise the lawfulness of the processing performed so far.<\/span><span data-ccp-props=\"{\">\u00a0<\/span><\/p><p><span data-contrast=\"auto\">The personal data subject also has the right to complain to the CNDP (National Data Protection Commission) regarding the processing of its data or the reply to a request he may have filed before the data controller or processor.<\/span><span data-ccp-props=\"{\">\u00a0<\/span><\/p><h4>Data Retention Period\u00a0<\/h4><p><span data-contrast=\"auto\">Data collected by Go4Mobility through the user\u2019s visit to the website are deleted or anonymized within one year after the user registration is deactivated.<\/span><span data-ccp-props=\"{\">\u00a0<\/span><\/p><p><span data-contrast=\"auto\">Go4Mobility shall retain the data collected for the purpose of advertising its newsletters until the data subject indicates he wishes to stop receiving newsletters.<\/span><span data-ccp-props=\"{\">\u00a0<\/span><\/p><p><span data-contrast=\"auto\">Any data we are provided for the management of any claim or complaint shall be kept for the period strictly necessary for the proper resolution of the same, after which they shall be deleted.<\/span><span data-ccp-props=\"{\">\u00a0<\/span><\/p><p><span data-contrast=\"auto\">Data provided during job applications will be maintained for the time strictly needed time for recruitment process, including contact to inform the end of the process. Immediately after this, personal data will be erased.<\/span><span data-ccp-props=\"{\">\u00a0<\/span><\/p><p>\u00a0<\/p><h4>Changes to Privacy Policy<span data-ccp-props=\"{\">\u00a0<\/span><\/h4><p><span data-contrast=\"auto\">Go4Mobility has the right to make changes to its <\/span><span data-contrast=\"none\">Privacy Policy.<\/span><span data-ccp-props=\"{\">\u00a0<\/span><\/p><p><span data-contrast=\"auto\">Thus, we advise you to read our Privacy Policy on a regular basis, including the <\/span><span data-contrast=\"none\">Terms and Conditions<\/span><span data-contrast=\"auto\"> to which it is related.<\/span><span data-ccp-props=\"{\">\u00a0<\/span><\/p><h3>Our Contacts\u00a0<\/h3><p><b><span data-contrast=\"auto\">General<\/span><\/b><span data-ccp-props=\"{\">\u00a0<\/span><\/p><p><span data-contrast=\"auto\">Address: Rua Fradesso da Silveira n\u00ba4, 3\u00baB<\/span><span data-ccp-props=\"{\">\u00a0<\/span><\/p><p><span data-contrast=\"auto\">Urbaniza\u00e7\u00e3o Alc\u00e2ntara Rio &#8211; 1300-609 Lisboa<\/span><span data-ccp-props=\"{\">\u00a0<\/span><\/p><p><span data-contrast=\"auto\">Web Page: <\/span><a href=\"http:\/\/go4mobility.com\"><span data-contrast=\"none\">http:\/\/go4mobility.com<\/span><span data-ccp-props=\"{\">\u00a0<\/span><\/a><\/p><p><span data-contrast=\"auto\">Email: <\/span><a href=\"mailto:info@go4mobility.com\"><span data-contrast=\"none\">info@go4mobility.com<\/span><span data-ccp-props=\"{\">\u00a0<\/span><\/a><\/p><h3>Data Processing\u00a0<\/h3><p><span data-contrast=\"auto\">For the exercise of your rights with respect to the processing of your data (data protection rights) or any further clarification on data protection issues, you may contact Go4Mobility and your Data Protection Officer. This Privacy Policy and Terms and Conditions shall apply to the processing of data carried out by Go4Mobility. The Go4Mobility Data Protection Officer may be contacted through the contacts above or by email at the following address: <\/span><a href=\"mailto:compliance@go4mobility.com\"><span data-contrast=\"none\">compliance@go4mobility.com<\/span><\/a><span data-contrast=\"auto\">.<\/span><span data-ccp-props=\"{\">\u00a0<\/span><\/p>\t\t\t\t\t\t\t\t<\/div>\n\t\t\t\t\t<\/div>\n\t\t<\/div>\n\t\t\t\t\t<\/div>\n\t\t<\/section>\n\t\t\t\t<\/div>\n\t\t","protected":false},"excerpt":{"rendered":"<p>Privacy Policy \u00a0This Privacy Policy applies to data directly provided by the user or collected during the user\u2019s access to the Go4Mobility website. As part of its core activity and as a rule, Go4Mobility only receives pseudonymized personal data and is not able to identify their data subject.\u00a0 However, in some circumstances and for the [&hellip;]<\/p>\n","protected":false},"author":18,"featured_media":0,"parent":0,"menu_order":0,"comment_status":"closed","ping_status":"closed","template":"","meta":{"footnotes":""},"class_list":["post-4546","page","type-page","status-publish","hentry"],"yoast_head":"<!-- This site is optimized with the Yoast SEO plugin v27.5 - https:\/\/yoast.com\/product\/yoast-seo-wordpress\/ -->\n<title>Pol\u00edtica de Privacidad | Go4Mobility<\/title>\n<meta name=\"description\" content=\"Tomamos un enfoque transparente de los datos que Go4Mobility maneja, los prop\u00f3sitos de los datos, los fundamentos, los derechos de los interesados...\" \/>\n<meta name=\"robots\" content=\"index, follow, max-snippet:-1, max-image-preview:large, max-video-preview:-1\" \/>\n<link rel=\"canonical\" href=\"https:\/\/go4mobility.com\/pt-pt\/politica-de-privacidade\/\" \/>\n<meta property=\"og:locale\" content=\"es_ES\" \/>\n<meta property=\"og:type\" content=\"article\" \/>\n<meta property=\"og:title\" content=\"Pol\u00edtica de Privacidad | Go4Mobility\" \/>\n<meta property=\"og:description\" content=\"Tomamos un enfoque transparente de los datos que Go4Mobility maneja, los prop\u00f3sitos de los datos, los fundamentos, los derechos de los interesados...\" \/>\n<meta property=\"og:url\" content=\"https:\/\/go4mobility.com\/pt-pt\/politica-de-privacidade\/\" \/>\n<meta property=\"og:site_name\" content=\"Go4Mobility\" \/>\n<meta property=\"article:modified_time\" content=\"2023-12-21T08:58:01+00:00\" \/>\n<meta name=\"twitter:card\" content=\"summary_large_image\" \/>\n<meta name=\"twitter:label1\" content=\"Tiempo de lectura\" \/>\n\t<meta name=\"twitter:data1\" content=\"7 minutos\" \/>\n<script type=\"application\/ld+json\" class=\"yoast-schema-graph\">{\"@context\":\"https:\\\/\\\/schema.org\",\"@graph\":[{\"@type\":\"WebPage\",\"@id\":\"https:\\\/\\\/go4mobility.com\\\/pt-pt\\\/politica-de-privacidade\\\/\",\"url\":\"https:\\\/\\\/go4mobility.com\\\/pt-pt\\\/politica-de-privacidade\\\/\",\"name\":\"Pol\u00edtica de Privacidad | Go4Mobility\",\"isPartOf\":{\"@id\":\"https:\\\/\\\/go4mobility.com\\\/pt-pt\\\/#website\"},\"datePublished\":\"2019-04-05T11:17:47+00:00\",\"dateModified\":\"2023-12-21T08:58:01+00:00\",\"description\":\"Tomamos un enfoque transparente de los datos que Go4Mobility maneja, los prop\u00f3sitos de los datos, los fundamentos, los derechos de los interesados...\",\"breadcrumb\":{\"@id\":\"https:\\\/\\\/go4mobility.com\\\/pt-pt\\\/politica-de-privacidade\\\/#breadcrumb\"},\"inLanguage\":\"es\",\"potentialAction\":[{\"@type\":\"ReadAction\",\"target\":[\"https:\\\/\\\/go4mobility.com\\\/pt-pt\\\/politica-de-privacidade\\\/\"]}]},{\"@type\":\"BreadcrumbList\",\"@id\":\"https:\\\/\\\/go4mobility.com\\\/pt-pt\\\/politica-de-privacidade\\\/#breadcrumb\",\"itemListElement\":[{\"@type\":\"ListItem\",\"position\":1,\"name\":\"In\u00edcio\",\"item\":\"https:\\\/\\\/go4mobility.com\\\/es\\\/\"},{\"@type\":\"ListItem\",\"position\":2,\"name\":\"Pol\u00edtica de Privacidad\"}]},{\"@type\":\"WebSite\",\"@id\":\"https:\\\/\\\/go4mobility.com\\\/pt-pt\\\/#website\",\"url\":\"https:\\\/\\\/go4mobility.com\\\/pt-pt\\\/\",\"name\":\"Go4Mobility\",\"description\":\"\",\"publisher\":{\"@id\":\"https:\\\/\\\/go4mobility.com\\\/pt-pt\\\/#organization\"},\"potentialAction\":[{\"@type\":\"SearchAction\",\"target\":{\"@type\":\"EntryPoint\",\"urlTemplate\":\"https:\\\/\\\/go4mobility.com\\\/pt-pt\\\/?s={search_term_string}\"},\"query-input\":{\"@type\":\"PropertyValueSpecification\",\"valueRequired\":true,\"valueName\":\"search_term_string\"}}],\"inLanguage\":\"es\"},{\"@type\":\"Organization\",\"@id\":\"https:\\\/\\\/go4mobility.com\\\/pt-pt\\\/#organization\",\"name\":\"Go4Mobility\",\"url\":\"https:\\\/\\\/go4mobility.com\\\/pt-pt\\\/\",\"logo\":{\"@type\":\"ImageObject\",\"inLanguage\":\"es\",\"@id\":\"https:\\\/\\\/go4mobility.com\\\/pt-pt\\\/#\\\/schema\\\/logo\\\/image\\\/\",\"url\":\"http:\\\/\\\/go4mobility.com\\\/wp-content\\\/uploads\\\/2019\\\/03\\\/logo.png\",\"contentUrl\":\"http:\\\/\\\/go4mobility.com\\\/wp-content\\\/uploads\\\/2019\\\/03\\\/logo.png\",\"width\":587,\"height\":121,\"caption\":\"Go4Mobility\"},\"image\":{\"@id\":\"https:\\\/\\\/go4mobility.com\\\/pt-pt\\\/#\\\/schema\\\/logo\\\/image\\\/\"}}]}<\/script>\n<!-- \/ Yoast SEO plugin. -->","yoast_head_json":{"title":"Pol\u00edtica de Privacidad | Go4Mobility","description":"Tomamos un enfoque transparente de los datos que Go4Mobility maneja, los prop\u00f3sitos de los datos, los fundamentos, los derechos de los interesados...","robots":{"index":"index","follow":"follow","max-snippet":"max-snippet:-1","max-image-preview":"max-image-preview:large","max-video-preview":"max-video-preview:-1"},"canonical":"https:\/\/go4mobility.com\/pt-pt\/politica-de-privacidade\/","og_locale":"es_ES","og_type":"article","og_title":"Pol\u00edtica de Privacidad | Go4Mobility","og_description":"Tomamos un enfoque transparente de los datos que Go4Mobility maneja, los prop\u00f3sitos de los datos, los fundamentos, los derechos de los interesados...","og_url":"https:\/\/go4mobility.com\/pt-pt\/politica-de-privacidade\/","og_site_name":"Go4Mobility","article_modified_time":"2023-12-21T08:58:01+00:00","twitter_card":"summary_large_image","twitter_misc":{"Tiempo de lectura":"7 minutos"},"schema":{"@context":"https:\/\/schema.org","@graph":[{"@type":"WebPage","@id":"https:\/\/go4mobility.com\/pt-pt\/politica-de-privacidade\/","url":"https:\/\/go4mobility.com\/pt-pt\/politica-de-privacidade\/","name":"Pol\u00edtica de Privacidad | Go4Mobility","isPartOf":{"@id":"https:\/\/go4mobility.com\/pt-pt\/#website"},"datePublished":"2019-04-05T11:17:47+00:00","dateModified":"2023-12-21T08:58:01+00:00","description":"Tomamos un enfoque transparente de los datos que Go4Mobility maneja, los prop\u00f3sitos de los datos, los fundamentos, los derechos de los interesados...","breadcrumb":{"@id":"https:\/\/go4mobility.com\/pt-pt\/politica-de-privacidade\/#breadcrumb"},"inLanguage":"es","potentialAction":[{"@type":"ReadAction","target":["https:\/\/go4mobility.com\/pt-pt\/politica-de-privacidade\/"]}]},{"@type":"BreadcrumbList","@id":"https:\/\/go4mobility.com\/pt-pt\/politica-de-privacidade\/#breadcrumb","itemListElement":[{"@type":"ListItem","position":1,"name":"In\u00edcio","item":"https:\/\/go4mobility.com\/es\/"},{"@type":"ListItem","position":2,"name":"Pol\u00edtica de Privacidad"}]},{"@type":"WebSite","@id":"https:\/\/go4mobility.com\/pt-pt\/#website","url":"https:\/\/go4mobility.com\/pt-pt\/","name":"Go4Mobility","description":"","publisher":{"@id":"https:\/\/go4mobility.com\/pt-pt\/#organization"},"potentialAction":[{"@type":"SearchAction","target":{"@type":"EntryPoint","urlTemplate":"https:\/\/go4mobility.com\/pt-pt\/?s={search_term_string}"},"query-input":{"@type":"PropertyValueSpecification","valueRequired":true,"valueName":"search_term_string"}}],"inLanguage":"es"},{"@type":"Organization","@id":"https:\/\/go4mobility.com\/pt-pt\/#organization","name":"Go4Mobility","url":"https:\/\/go4mobility.com\/pt-pt\/","logo":{"@type":"ImageObject","inLanguage":"es","@id":"https:\/\/go4mobility.com\/pt-pt\/#\/schema\/logo\/image\/","url":"http:\/\/go4mobility.com\/wp-content\/uploads\/2019\/03\/logo.png","contentUrl":"http:\/\/go4mobility.com\/wp-content\/uploads\/2019\/03\/logo.png","width":587,"height":121,"caption":"Go4Mobility"},"image":{"@id":"https:\/\/go4mobility.com\/pt-pt\/#\/schema\/logo\/image\/"}}]}},"_links":{"self":[{"href":"https:\/\/go4mobility.com\/es\/wp-json\/wp\/v2\/pages\/4546","targetHints":{"allow":["GET"]}}],"collection":[{"href":"https:\/\/go4mobility.com\/es\/wp-json\/wp\/v2\/pages"}],"about":[{"href":"https:\/\/go4mobility.com\/es\/wp-json\/wp\/v2\/types\/page"}],"author":[{"embeddable":true,"href":"https:\/\/go4mobility.com\/es\/wp-json\/wp\/v2\/users\/18"}],"replies":[{"embeddable":true,"href":"https:\/\/go4mobility.com\/es\/wp-json\/wp\/v2\/comments?post=4546"}],"version-history":[{"count":12,"href":"https:\/\/go4mobility.com\/es\/wp-json\/wp\/v2\/pages\/4546\/revisions"}],"predecessor-version":[{"id":17376,"href":"https:\/\/go4mobility.com\/es\/wp-json\/wp\/v2\/pages\/4546\/revisions\/17376"}],"wp:attachment":[{"href":"https:\/\/go4mobility.com\/es\/wp-json\/wp\/v2\/media?parent=4546"}],"curies":[{"name":"wp","href":"https:\/\/api.w.org\/{rel}","templated":true}]}}