{"id":4414,"date":"2019-04-26T16:34:20","date_gmt":"2019-04-26T16:34:20","guid":{"rendered":"https:\/\/go4mobility.com\/messaging\/"},"modified":"2020-04-17T15:51:27","modified_gmt":"2020-04-17T14:51:27","slug":"mensajeria","status":"publish","type":"page","link":"https:\/\/go4mobility.com\/es\/mensajeria\/","title":{"rendered":"Mensajer\u00eda"},"content":{"rendered":"\t\t<div data-elementor-type=\"wp-post\" data-elementor-id=\"4414\" class=\"elementor elementor-4414\">\n\t\t\t\t\t\t<section class=\"elementor-section elementor-top-section elementor-element elementor-element-870a931 elementor-section-boxed elementor-section-height-default elementor-section-height-default\" data-id=\"870a931\" data-element_type=\"section\" data-e-type=\"section\" data-settings=\"{&quot;background_background&quot;:&quot;classic&quot;}\">\n\t\t\t\t\t\t<div class=\"elementor-container elementor-column-gap-default\">\n\t\t\t\t\t<div class=\"elementor-column elementor-col-100 elementor-top-column elementor-element elementor-element-4d1b92d elementor-invisible\" data-id=\"4d1b92d\" data-element_type=\"column\" data-e-type=\"column\" data-settings=\"{&quot;background_background&quot;:&quot;classic&quot;,&quot;animation&quot;:&quot;fadeIn&quot;}\">\n\t\t\t<div class=\"elementor-widget-wrap elementor-element-populated\">\n\t\t\t\t\t\t<div class=\"elementor-element elementor-element-38aab9e elementor-widget-divider--view-line elementor-invisible elementor-widget elementor-widget-divider\" data-id=\"38aab9e\" data-element_type=\"widget\" data-e-type=\"widget\" data-settings=\"{&quot;_animation&quot;:&quot;fadeIn&quot;}\" data-widget_type=\"divider.default\">\n\t\t\t\t\t\t\t<div class=\"elementor-divider\">\n\t\t\t<span class=\"elementor-divider-separator\">\n\t\t\t\t\t\t<\/span>\n\t\t<\/div>\n\t\t\t\t\t\t<\/div>\n\t\t\t\t<div class=\"elementor-element elementor-element-e2b30d2 elementor-invisible elementor-widget elementor-widget-heading\" data-id=\"e2b30d2\" data-element_type=\"widget\" data-e-type=\"widget\" data-settings=\"{&quot;_animation&quot;:&quot;fadeIn&quot;}\" data-widget_type=\"heading.default\">\n\t\t\t\t\t<span class=\"elementor-heading-title elementor-size-default\">Go4Mobility, que cuenta con varios a\u00f1os de experiencia en los \u00e1mbitos de las telecomunicaciones y el marketing por m\u00f3vil, es un socio de confianza para su negocio de SMS masivos mayoristas.<\/span>\t\t\t\t<\/div>\n\t\t\t\t\t<\/div>\n\t\t<\/div>\n\t\t\t\t\t<\/div>\n\t\t<\/section>\n\t\t\t\t<section class=\"elementor-section elementor-top-section elementor-element elementor-element-4e49778 elementor-section-stretched elementor-section-boxed elementor-section-height-default elementor-section-height-default elementor-invisible\" data-id=\"4e49778\" data-element_type=\"section\" data-e-type=\"section\" data-settings=\"{&quot;animation&quot;:&quot;fadeIn&quot;,&quot;stretch_section&quot;:&quot;section-stretched&quot;,&quot;background_background&quot;:&quot;classic&quot;}\">\n\t\t\t\t\t\t<div class=\"elementor-container elementor-column-gap-wider\">\n\t\t\t\t\t<div class=\"elementor-column elementor-col-50 elementor-top-column elementor-element elementor-element-eb44d31 elementor-invisible\" data-id=\"eb44d31\" data-element_type=\"column\" data-e-type=\"column\" data-settings=\"{&quot;background_background&quot;:&quot;classic&quot;,&quot;animation&quot;:&quot;fadeInUp&quot;}\">\n\t\t\t<div class=\"elementor-widget-wrap elementor-element-populated\">\n\t\t\t\t\t\t<div class=\"elementor-element elementor-element-9bc0627 services_module elementor-widget elementor-widget-image-box\" data-id=\"9bc0627\" data-element_type=\"widget\" data-e-type=\"widget\" data-widget_type=\"image-box.default\">\n\t\t\t\t\t<div class=\"elementor-image-box-wrapper\"><div class=\"elementor-image-box-content\"><h3 class=\"elementor-image-box-title\"><a href=\"\/es\/messaging\/sms-a2p\/\">A2P SMS<\/a><\/h3><\/div><\/div>\t\t\t\t<\/div>\n\t\t\t\t<div class=\"elementor-element elementor-element-8c8acfa elementor-widget elementor-widget-text-editor\" data-id=\"8c8acfa\" data-element_type=\"widget\" data-e-type=\"widget\" data-widget_type=\"text-editor.default\">\n\t\t\t\t\t\t\t\t\tNuestra soluci\u00f3n de SMS masivos ofrece las mejores rutas a varios destinos internacionales con un alto nivel de entrega.\t\t\t\t\t\t\t\t<\/div>\n\t\t\t\t<div class=\"elementor-element elementor-element-06ad32e elementor-widget elementor-widget-text-editor\" data-id=\"06ad32e\" data-element_type=\"widget\" data-e-type=\"widget\" data-widget_type=\"text-editor.default\">\n\t\t\t\t\t\t\t\t\t<p>Aseg\u00farese de que el c\u00f3digo de validaci\u00f3n se entregue a cualquier usuario en cualquier lugar con el OTP SMS, el mejor sistema de autenticaci\u00f3n.<br \/><br \/><br \/><a style=\"font-family: Rubik, sans-serif; color: #6cace4;\" href=\"\/es\/messaging\/sms-a2p\/\">M\u00e1s informaci\u00f3n<\/a><\/p>\t\t\t\t\t\t\t\t<\/div>\n\t\t\t\t\t<\/div>\n\t\t<\/div>\n\t\t\t\t<div class=\"elementor-column elementor-col-50 elementor-top-column elementor-element elementor-element-723d397 elementor-invisible\" data-id=\"723d397\" data-element_type=\"column\" data-e-type=\"column\" data-settings=\"{&quot;background_background&quot;:&quot;classic&quot;,&quot;animation&quot;:&quot;fadeInUp&quot;}\">\n\t\t\t<div class=\"elementor-widget-wrap elementor-element-populated\">\n\t\t\t\t\t\t<div class=\"elementor-element elementor-element-625d8aa services_module elementor-widget elementor-widget-image-box\" data-id=\"625d8aa\" data-element_type=\"widget\" data-e-type=\"widget\" data-widget_type=\"image-box.default\">\n\t\t\t\t\t<div class=\"elementor-image-box-wrapper\"><div class=\"elementor-image-box-content\"><h3 class=\"elementor-image-box-title\"><a href=\"\/es\/messaging\/numeros\/\">N\u00fameros<\/a><\/h3><\/div><\/div>\t\t\t\t<\/div>\n\t\t\t\t<div class=\"elementor-element elementor-element-6d79f21 elementor-widget elementor-widget-text-editor\" data-id=\"6d79f21\" data-element_type=\"widget\" data-e-type=\"widget\" data-widget_type=\"text-editor.default\">\n\t\t\t\t\t\t\t\t\t<p>Conozca con detalle nuestras soluciones con n\u00fameros cortos y largos para la mensajer\u00eda bidireccional.<\/p>\t\t\t\t\t\t\t\t<\/div>\n\t\t\t\t<div class=\"elementor-element elementor-element-3ae1aa5 elementor-widget elementor-widget-text-editor\" data-id=\"3ae1aa5\" data-element_type=\"widget\" data-e-type=\"widget\" data-widget_type=\"text-editor.default\">\n\t\t\t\t\t\t\t\t\t<p>Deje que sus clientes aumenten el rendimiento de sus campa\u00f1as de marketing por SMS usando nuestras soluciones de c\u00f3digos cortos o n\u00fameros largos.<br \/><br \/><br \/><a style=\"font-family: Rubik, sans-serif; color: #6cace4;\" href=\"\/es\/messaging\/numeros\/\">M\u00e1s informaci\u00f3n<\/a><\/p>\t\t\t\t\t\t\t\t<\/div>\n\t\t\t\t\t<\/div>\n\t\t<\/div>\n\t\t\t\t\t<\/div>\n\t\t<\/section>\n\t\t\t\t<section class=\"elementor-section elementor-top-section elementor-element elementor-element-69e4e659 elementor-section-stretched animated-slow elementor-section-boxed elementor-section-height-default elementor-section-height-default elementor-invisible\" data-id=\"69e4e659\" data-element_type=\"section\" data-e-type=\"section\" data-settings=\"{&quot;stretch_section&quot;:&quot;section-stretched&quot;,&quot;background_background&quot;:&quot;classic&quot;,&quot;animation&quot;:&quot;fadeIn&quot;}\">\n\t\t\t\t\t\t<div class=\"elementor-container elementor-column-gap-default\">\n\t\t\t\t\t<div class=\"elementor-column elementor-col-50 elementor-top-column elementor-element elementor-element-758e890d\" data-id=\"758e890d\" data-element_type=\"column\" data-e-type=\"column\">\n\t\t\t<div class=\"elementor-widget-wrap elementor-element-populated\">\n\t\t\t\t\t\t<div class=\"elementor-element elementor-element-726a64c5 elementor-widget elementor-widget-heading\" data-id=\"726a64c5\" data-element_type=\"widget\" data-e-type=\"widget\" data-widget_type=\"heading.default\">\n\t\t\t\t\t<h4 class=\"elementor-heading-title elementor-size-default\">Go4Mobility puede ser el socio perfecto para usted.<\/h4>\t\t\t\t<\/div>\n\t\t\t\t<div class=\"elementor-element elementor-element-65ddec03 elementor-widget elementor-widget-text-editor\" data-id=\"65ddec03\" data-element_type=\"widget\" data-e-type=\"widget\" data-widget_type=\"text-editor.default\">\n\t\t\t\t\t\t\t\t\t<p><strong>\u00bfQuiere saber m\u00e1s?<\/strong><\/p>\t\t\t\t\t\t\t\t<\/div>\n\t\t\t\t\t<\/div>\n\t\t<\/div>\n\t\t\t\t<div class=\"elementor-column elementor-col-50 elementor-top-column elementor-element elementor-element-450ffd10\" data-id=\"450ffd10\" data-element_type=\"column\" data-e-type=\"column\">\n\t\t\t<div class=\"elementor-widget-wrap elementor-element-populated\">\n\t\t\t\t\t\t<div class=\"elementor-element elementor-element-19414191 elementor-align-center elementor-widget elementor-widget-button\" data-id=\"19414191\" data-element_type=\"widget\" data-e-type=\"widget\" data-widget_type=\"button.default\">\n\t\t\t\t\t\t\t\t\t\t<a class=\"elementor-button elementor-button-link elementor-size-sm\" href=\"http:\/\/go4mobility.com\/contactos\/\">\n\t\t\t\t\t\t<span class=\"elementor-button-content-wrapper\">\n\t\t\t\t\t\t\t\t\t<span class=\"elementor-button-text\">Contacte con nosotros<\/span>\n\t\t\t\t\t<\/span>\n\t\t\t\t\t<\/a>\n\t\t\t\t\t\t\t\t<\/div>\n\t\t\t\t\t<\/div>\n\t\t<\/div>\n\t\t\t\t\t<\/div>\n\t\t<\/section>\n\t\t\t\t<\/div>\n\t\t","protected":false},"excerpt":{"rendered":"<p>Go4Mobility, que cuenta con varios a\u00f1os de experiencia en los \u00e1mbitos de las telecomunicaciones y el marketing por m\u00f3vil, es un socio de confianza para su negocio de SMS masivos mayoristas. A2P SMS Nuestra soluci\u00f3n de SMS masivos ofrece las mejores rutas a varios destinos internacionales con un alto nivel de entrega. Aseg\u00farese de que [&hellip;]<\/p>\n","protected":false},"author":18,"featured_media":0,"parent":0,"menu_order":0,"comment_status":"closed","ping_status":"closed","template":"","meta":{"footnotes":""},"class_list":["post-4414","page","type-page","status-publish","hentry"],"yoast_head":"<!-- This site is optimized with the Yoast SEO plugin v27.5 - https:\/\/yoast.com\/product\/yoast-seo-wordpress\/ -->\n<title>Mensajer\u00eda | Go4Mobility<\/title>\n<meta name=\"description\" content=\"Nuestra soluci\u00f3n de Bulk SMS proporciona las mejores rutas a varios destinos, con altos niveles de entrega en cientos de llamadas en todo el mundo.\" \/>\n<meta name=\"robots\" content=\"index, follow, max-snippet:-1, max-image-preview:large, max-video-preview:-1\" \/>\n<link rel=\"canonical\" href=\"https:\/\/go4mobility.com\/es\/mensajeria\/\" \/>\n<meta property=\"og:locale\" content=\"es_ES\" \/>\n<meta property=\"og:type\" content=\"article\" \/>\n<meta property=\"og:title\" content=\"Mensajer\u00eda | Go4Mobility\" \/>\n<meta property=\"og:description\" content=\"Nuestra soluci\u00f3n de Bulk SMS proporciona las mejores rutas a varios destinos, con altos niveles de entrega en cientos de llamadas en todo el mundo.\" \/>\n<meta property=\"og:url\" content=\"https:\/\/go4mobility.com\/es\/mensajeria\/\" \/>\n<meta property=\"og:site_name\" content=\"Go4Mobility\" \/>\n<meta property=\"article:modified_time\" content=\"2020-04-17T14:51:27+00:00\" \/>\n<meta name=\"twitter:card\" content=\"summary_large_image\" \/>\n<meta name=\"twitter:label1\" content=\"Tiempo de lectura\" \/>\n\t<meta name=\"twitter:data1\" content=\"1 minuto\" \/>\n<script type=\"application\/ld+json\" class=\"yoast-schema-graph\">{\"@context\":\"https:\\\/\\\/schema.org\",\"@graph\":[{\"@type\":\"WebPage\",\"@id\":\"https:\\\/\\\/go4mobility.com\\\/es\\\/mensajeria\\\/\",\"url\":\"https:\\\/\\\/go4mobility.com\\\/es\\\/mensajeria\\\/\",\"name\":\"Mensajer\u00eda | Go4Mobility\",\"isPartOf\":{\"@id\":\"https:\\\/\\\/go4mobility.com\\\/pt-pt\\\/#website\"},\"datePublished\":\"2019-04-26T16:34:20+00:00\",\"dateModified\":\"2020-04-17T14:51:27+00:00\",\"description\":\"Nuestra soluci\u00f3n de Bulk SMS proporciona las mejores rutas a varios destinos, con altos niveles de entrega en cientos de llamadas en todo el mundo.\",\"breadcrumb\":{\"@id\":\"https:\\\/\\\/go4mobility.com\\\/es\\\/mensajeria\\\/#breadcrumb\"},\"inLanguage\":\"es\",\"potentialAction\":[{\"@type\":\"ReadAction\",\"target\":[\"https:\\\/\\\/go4mobility.com\\\/es\\\/mensajeria\\\/\"]}]},{\"@type\":\"BreadcrumbList\",\"@id\":\"https:\\\/\\\/go4mobility.com\\\/es\\\/mensajeria\\\/#breadcrumb\",\"itemListElement\":[{\"@type\":\"ListItem\",\"position\":1,\"name\":\"In\u00edcio\",\"item\":\"https:\\\/\\\/go4mobility.com\\\/es\\\/\"},{\"@type\":\"ListItem\",\"position\":2,\"name\":\"Mensajer\u00eda\"}]},{\"@type\":\"WebSite\",\"@id\":\"https:\\\/\\\/go4mobility.com\\\/pt-pt\\\/#website\",\"url\":\"https:\\\/\\\/go4mobility.com\\\/pt-pt\\\/\",\"name\":\"Go4Mobility\",\"description\":\"\",\"publisher\":{\"@id\":\"https:\\\/\\\/go4mobility.com\\\/pt-pt\\\/#organization\"},\"potentialAction\":[{\"@type\":\"SearchAction\",\"target\":{\"@type\":\"EntryPoint\",\"urlTemplate\":\"https:\\\/\\\/go4mobility.com\\\/pt-pt\\\/?s={search_term_string}\"},\"query-input\":{\"@type\":\"PropertyValueSpecification\",\"valueRequired\":true,\"valueName\":\"search_term_string\"}}],\"inLanguage\":\"es\"},{\"@type\":\"Organization\",\"@id\":\"https:\\\/\\\/go4mobility.com\\\/pt-pt\\\/#organization\",\"name\":\"Go4Mobility\",\"url\":\"https:\\\/\\\/go4mobility.com\\\/pt-pt\\\/\",\"logo\":{\"@type\":\"ImageObject\",\"inLanguage\":\"es\",\"@id\":\"https:\\\/\\\/go4mobility.com\\\/pt-pt\\\/#\\\/schema\\\/logo\\\/image\\\/\",\"url\":\"http:\\\/\\\/go4mobility.com\\\/wp-content\\\/uploads\\\/2019\\\/03\\\/logo.png\",\"contentUrl\":\"http:\\\/\\\/go4mobility.com\\\/wp-content\\\/uploads\\\/2019\\\/03\\\/logo.png\",\"width\":587,\"height\":121,\"caption\":\"Go4Mobility\"},\"image\":{\"@id\":\"https:\\\/\\\/go4mobility.com\\\/pt-pt\\\/#\\\/schema\\\/logo\\\/image\\\/\"}}]}<\/script>\n<!-- \/ Yoast SEO plugin. -->","yoast_head_json":{"title":"Mensajer\u00eda | Go4Mobility","description":"Nuestra soluci\u00f3n de Bulk SMS proporciona las mejores rutas a varios destinos, con altos niveles de entrega en cientos de llamadas en todo el mundo.","robots":{"index":"index","follow":"follow","max-snippet":"max-snippet:-1","max-image-preview":"max-image-preview:large","max-video-preview":"max-video-preview:-1"},"canonical":"https:\/\/go4mobility.com\/es\/mensajeria\/","og_locale":"es_ES","og_type":"article","og_title":"Mensajer\u00eda | Go4Mobility","og_description":"Nuestra soluci\u00f3n de Bulk SMS proporciona las mejores rutas a varios destinos, con altos niveles de entrega en cientos de llamadas en todo el mundo.","og_url":"https:\/\/go4mobility.com\/es\/mensajeria\/","og_site_name":"Go4Mobility","article_modified_time":"2020-04-17T14:51:27+00:00","twitter_card":"summary_large_image","twitter_misc":{"Tiempo de lectura":"1 minuto"},"schema":{"@context":"https:\/\/schema.org","@graph":[{"@type":"WebPage","@id":"https:\/\/go4mobility.com\/es\/mensajeria\/","url":"https:\/\/go4mobility.com\/es\/mensajeria\/","name":"Mensajer\u00eda | Go4Mobility","isPartOf":{"@id":"https:\/\/go4mobility.com\/pt-pt\/#website"},"datePublished":"2019-04-26T16:34:20+00:00","dateModified":"2020-04-17T14:51:27+00:00","description":"Nuestra soluci\u00f3n de Bulk SMS proporciona las mejores rutas a varios destinos, con altos niveles de entrega en cientos de llamadas en todo el mundo.","breadcrumb":{"@id":"https:\/\/go4mobility.com\/es\/mensajeria\/#breadcrumb"},"inLanguage":"es","potentialAction":[{"@type":"ReadAction","target":["https:\/\/go4mobility.com\/es\/mensajeria\/"]}]},{"@type":"BreadcrumbList","@id":"https:\/\/go4mobility.com\/es\/mensajeria\/#breadcrumb","itemListElement":[{"@type":"ListItem","position":1,"name":"In\u00edcio","item":"https:\/\/go4mobility.com\/es\/"},{"@type":"ListItem","position":2,"name":"Mensajer\u00eda"}]},{"@type":"WebSite","@id":"https:\/\/go4mobility.com\/pt-pt\/#website","url":"https:\/\/go4mobility.com\/pt-pt\/","name":"Go4Mobility","description":"","publisher":{"@id":"https:\/\/go4mobility.com\/pt-pt\/#organization"},"potentialAction":[{"@type":"SearchAction","target":{"@type":"EntryPoint","urlTemplate":"https:\/\/go4mobility.com\/pt-pt\/?s={search_term_string}"},"query-input":{"@type":"PropertyValueSpecification","valueRequired":true,"valueName":"search_term_string"}}],"inLanguage":"es"},{"@type":"Organization","@id":"https:\/\/go4mobility.com\/pt-pt\/#organization","name":"Go4Mobility","url":"https:\/\/go4mobility.com\/pt-pt\/","logo":{"@type":"ImageObject","inLanguage":"es","@id":"https:\/\/go4mobility.com\/pt-pt\/#\/schema\/logo\/image\/","url":"http:\/\/go4mobility.com\/wp-content\/uploads\/2019\/03\/logo.png","contentUrl":"http:\/\/go4mobility.com\/wp-content\/uploads\/2019\/03\/logo.png","width":587,"height":121,"caption":"Go4Mobility"},"image":{"@id":"https:\/\/go4mobility.com\/pt-pt\/#\/schema\/logo\/image\/"}}]}},"_links":{"self":[{"href":"https:\/\/go4mobility.com\/es\/wp-json\/wp\/v2\/pages\/4414","targetHints":{"allow":["GET"]}}],"collection":[{"href":"https:\/\/go4mobility.com\/es\/wp-json\/wp\/v2\/pages"}],"about":[{"href":"https:\/\/go4mobility.com\/es\/wp-json\/wp\/v2\/types\/page"}],"author":[{"embeddable":true,"href":"https:\/\/go4mobility.com\/es\/wp-json\/wp\/v2\/users\/18"}],"replies":[{"embeddable":true,"href":"https:\/\/go4mobility.com\/es\/wp-json\/wp\/v2\/comments?post=4414"}],"version-history":[{"count":13,"href":"https:\/\/go4mobility.com\/es\/wp-json\/wp\/v2\/pages\/4414\/revisions"}],"predecessor-version":[{"id":5829,"href":"https:\/\/go4mobility.com\/es\/wp-json\/wp\/v2\/pages\/4414\/revisions\/5829"}],"wp:attachment":[{"href":"https:\/\/go4mobility.com\/es\/wp-json\/wp\/v2\/media?parent=4414"}],"curies":[{"name":"wp","href":"https:\/\/api.w.org\/{rel}","templated":true}]}}