{"id":4313,"date":"2019-01-23T21:10:04","date_gmt":"2019-01-23T21:10:04","guid":{"rendered":"https:\/\/go4mobility.com\/contactos\/"},"modified":"2023-02-28T11:27:57","modified_gmt":"2023-02-28T11:27:57","slug":"contactos","status":"publish","type":"page","link":"https:\/\/go4mobility.com\/es\/contactos\/","title":{"rendered":"Hable con nosotros"},"content":{"rendered":"\t\t<div data-elementor-type=\"wp-post\" data-elementor-id=\"4313\" class=\"elementor elementor-4313\">\n\t\t\t\t\t\t<section class=\"elementor-section elementor-top-section elementor-element elementor-element-3144b34b elementor-section-boxed elementor-section-height-default elementor-section-height-default\" data-id=\"3144b34b\" data-element_type=\"section\" data-e-type=\"section\">\n\t\t\t\t\t\t<div class=\"elementor-container elementor-column-gap-default\">\n\t\t\t\t\t<div class=\"elementor-column elementor-col-100 elementor-top-column elementor-element elementor-element-4f718c5f\" data-id=\"4f718c5f\" data-element_type=\"column\" data-e-type=\"column\">\n\t\t\t<div class=\"elementor-widget-wrap elementor-element-populated\">\n\t\t\t\t\t\t<section class=\"elementor-section elementor-inner-section elementor-element elementor-element-868971f elementor-section-content-middle elementor-section-boxed elementor-section-height-default elementor-section-height-default\" data-id=\"868971f\" data-element_type=\"section\" data-e-type=\"section\" data-settings=\"{&quot;background_background&quot;:&quot;classic&quot;}\">\n\t\t\t\t\t\t<div class=\"elementor-container elementor-column-gap-wider\">\n\t\t\t\t\t<div class=\"elementor-column elementor-col-50 elementor-inner-column elementor-element elementor-element-d4e44c2\" data-id=\"d4e44c2\" data-element_type=\"column\" data-e-type=\"column\">\n\t\t\t<div class=\"elementor-widget-wrap elementor-element-populated\">\n\t\t\t\t\t\t<div class=\"elementor-element elementor-element-0ebfef4 elementor-widget-divider--view-line elementor-invisible elementor-widget elementor-widget-divider\" data-id=\"0ebfef4\" data-element_type=\"widget\" data-e-type=\"widget\" data-settings=\"{&quot;_animation&quot;:&quot;fadeIn&quot;}\" data-widget_type=\"divider.default\">\n\t\t\t\t\t\t\t<div class=\"elementor-divider\">\n\t\t\t<span class=\"elementor-divider-separator\">\n\t\t\t\t\t\t<\/span>\n\t\t<\/div>\n\t\t\t\t\t\t<\/div>\n\t\t\t\t<div class=\"elementor-element elementor-element-df0ec00 elementor-invisible elementor-widget elementor-widget-heading\" data-id=\"df0ec00\" data-element_type=\"widget\" data-e-type=\"widget\" data-settings=\"{&quot;_animation&quot;:&quot;fadeIn&quot;}\" data-widget_type=\"heading.default\">\n\t\t\t\t\t<h2 class=\"elementor-heading-title elementor-size-default\">Contacte con nosotros<\/h2>\t\t\t\t<\/div>\n\t\t\t\t<div class=\"elementor-element elementor-element-46109d6 elementor-invisible elementor-widget elementor-widget-text-editor\" data-id=\"46109d6\" data-element_type=\"widget\" data-e-type=\"widget\" data-settings=\"{&quot;_animation&quot;:&quot;fadeIn&quot;}\" data-widget_type=\"text-editor.default\">\n\t\t\t\t\t\t\t\t\tColaboramos con marcas y personas ambiciosas, y les ayudamos a construir el futuro de su marca. P\u00f3ngase en contacto con nosotros, encuentre equipos especializados y consulte nuestra ubicaci\u00f3n. Si tiene alguna pregunta sobre nuestras soluciones, env\u00edenos un mensaje.\t\t\t\t\t\t\t\t<\/div>\n\t\t\t\t<div class=\"elementor-element elementor-element-d63f217 elementor-align-start elementor-mobile-align-start elementor-icon-list--layout-traditional elementor-list-item-link-full_width elementor-invisible elementor-widget elementor-widget-icon-list\" data-id=\"d63f217\" data-element_type=\"widget\" data-e-type=\"widget\" data-settings=\"{&quot;_animation&quot;:&quot;fadeIn&quot;}\" data-widget_type=\"icon-list.default\">\n\t\t\t\t\t\t\t<ul class=\"elementor-icon-list-items\">\n\t\t\t\t\t\t\t<li class=\"elementor-icon-list-item\">\n\t\t\t\t\t\t\t\t\t\t\t<a href=\"tel:00351210337760\">\n\n\t\t\t\t\t\t\t\t\t\t\t\t<span class=\"elementor-icon-list-icon\">\n\t\t\t\t\t\t\t\t\t\t\t\t\t\t\t\t<i class=\"fa fa-phone-square\" aria-hidden=\"true\"><\/i>\n\t\t\t\t\t\t\t\t\t\t\t\t\t<\/span>\n\t\t\t\t\t\t\t\t\t\t<span class=\"elementor-icon-list-text\">(+351) 210 337 760<\/span>\n\t\t\t\t\t\t\t\t\t\t\t<\/a>\n\t\t\t\t\t\t\t\t\t<\/li>\n\t\t\t\t\t\t\t\t<li class=\"elementor-icon-list-item\">\n\t\t\t\t\t\t\t\t\t\t\t<a href=\"mailto:info@go4mobility.com%20\">\n\n\t\t\t\t\t\t\t\t\t\t\t\t<span class=\"elementor-icon-list-icon\">\n\t\t\t\t\t\t\t\t\t\t\t\t\t\t\t\t<i class=\"fa fa-envelope-square\" aria-hidden=\"true\"><\/i>\n\t\t\t\t\t\t\t\t\t\t\t\t\t<\/span>\n\t\t\t\t\t\t\t\t\t\t<span class=\"elementor-icon-list-text\">info@go4mobility.com <\/span>\n\t\t\t\t\t\t\t\t\t\t\t<\/a>\n\t\t\t\t\t\t\t\t\t<\/li>\n\t\t\t\t\t\t\t\t<li class=\"elementor-icon-list-item\">\n\t\t\t\t\t\t\t\t\t\t\t<a href=\"https:\/\/www.linkedin.com\/company\/go4mobility\">\n\n\t\t\t\t\t\t\t\t\t\t\t\t<span class=\"elementor-icon-list-icon\">\n\t\t\t\t\t\t\t\t\t\t\t\t\t\t\t\t<i class=\"fa fa-linkedin-square\" aria-hidden=\"true\"><\/i>\n\t\t\t\t\t\t\t\t\t\t\t\t\t<\/span>\n\t\t\t\t\t\t\t\t\t\t<span class=\"elementor-icon-list-text\">S\u00edguenos en<\/span>\n\t\t\t\t\t\t\t\t\t\t\t<\/a>\n\t\t\t\t\t\t\t\t\t<\/li>\n\t\t\t\t\t\t<\/ul>\n\t\t\t\t\t\t<\/div>\n\t\t\t\t\t<\/div>\n\t\t<\/div>\n\t\t\t\t<div class=\"elementor-column elementor-col-50 elementor-inner-column elementor-element elementor-element-bb8e040\" data-id=\"bb8e040\" data-element_type=\"column\" data-e-type=\"column\" data-settings=\"{&quot;background_background&quot;:&quot;classic&quot;}\">\n\t\t\t<div class=\"elementor-widget-wrap\">\n\t\t\t\t\t\t\t<\/div>\n\t\t<\/div>\n\t\t\t\t\t<\/div>\n\t\t<\/section>\n\t\t\t\t\t<\/div>\n\t\t<\/div>\n\t\t\t\t\t<\/div>\n\t\t<\/section>\n\t\t\t\t<section class=\"elementor-section elementor-top-section elementor-element elementor-element-3f1213c elementor-section-stretched animated-slow elementor-section-boxed elementor-section-height-default elementor-section-height-default\" data-id=\"3f1213c\" data-element_type=\"section\" data-e-type=\"section\" data-settings=\"{&quot;stretch_section&quot;:&quot;section-stretched&quot;,&quot;background_background&quot;:&quot;classic&quot;,&quot;animation&quot;:&quot;none&quot;}\">\n\t\t\t\t\t\t<div class=\"elementor-container elementor-column-gap-default\">\n\t\t\t\t\t<div class=\"elementor-column elementor-col-100 elementor-top-column elementor-element elementor-element-6e9f385\" data-id=\"6e9f385\" data-element_type=\"column\" data-e-type=\"column\">\n\t\t\t<div class=\"elementor-widget-wrap elementor-element-populated\">\n\t\t\t\t\t\t<div class=\"elementor-element elementor-element-ebfbf57 elementor-widget-divider--view-line elementor-invisible elementor-widget elementor-widget-divider\" data-id=\"ebfbf57\" data-element_type=\"widget\" data-e-type=\"widget\" data-settings=\"{&quot;_animation&quot;:&quot;fadeIn&quot;}\" data-widget_type=\"divider.default\">\n\t\t\t\t\t\t\t<div class=\"elementor-divider\">\n\t\t\t<span class=\"elementor-divider-separator\">\n\t\t\t\t\t\t<\/span>\n\t\t<\/div>\n\t\t\t\t\t\t<\/div>\n\t\t\t\t<div class=\"elementor-element elementor-element-903e862 elementor-invisible elementor-widget elementor-widget-heading\" data-id=\"903e862\" data-element_type=\"widget\" data-e-type=\"widget\" data-settings=\"{&quot;_animation&quot;:&quot;fadeIn&quot;}\" data-widget_type=\"heading.default\">\n\t\t\t\t\t<h3 class=\"elementor-heading-title elementor-size-default\">Nuestras oficinas<\/h3>\t\t\t\t<\/div>\n\t\t\t\t\t<\/div>\n\t\t<\/div>\n\t\t\t\t\t<\/div>\n\t\t<\/section>\n\t\t\t\t<section class=\"elementor-section elementor-top-section elementor-element elementor-element-4bb61a3 elementor-section-stretched elementor-section-boxed elementor-section-height-default elementor-section-height-default\" data-id=\"4bb61a3\" data-element_type=\"section\" data-e-type=\"section\" data-settings=\"{&quot;background_background&quot;:&quot;classic&quot;,&quot;stretch_section&quot;:&quot;section-stretched&quot;}\">\n\t\t\t\t\t\t<div class=\"elementor-container elementor-column-gap-extended\">\n\t\t\t\t\t<div class=\"elementor-column elementor-col-25 elementor-top-column elementor-element elementor-element-fec0d77 elementor-invisible\" data-id=\"fec0d77\" data-element_type=\"column\" data-e-type=\"column\" data-settings=\"{&quot;background_background&quot;:&quot;classic&quot;,&quot;animation&quot;:&quot;fadeInUp&quot;}\">\n\t\t\t<div class=\"elementor-widget-wrap elementor-element-populated\">\n\t\t\t\t\t<div class=\"elementor-background-overlay\"><\/div>\n\t\t\t\t\t\t<div class=\"elementor-element elementor-element-7a96899 address_module elementor-widget elementor-widget-image-box\" data-id=\"7a96899\" data-element_type=\"widget\" data-e-type=\"widget\" data-widget_type=\"image-box.default\">\n\t\t\t\t\t<div class=\"elementor-image-box-wrapper\"><div class=\"elementor-image-box-content\"><span class=\"elementor-image-box-title\">Portugal<\/span><p class=\"elementor-image-box-description\"><br>\n<br>Lisboa (Sede)\n<br>\n<br><\/p><\/div><\/div>\t\t\t\t<\/div>\n\t\t\t\t\t<\/div>\n\t\t<\/div>\n\t\t\t\t<div class=\"elementor-column elementor-col-25 elementor-top-column elementor-element elementor-element-35976f6 elementor-invisible\" data-id=\"35976f6\" data-element_type=\"column\" data-e-type=\"column\" data-settings=\"{&quot;background_background&quot;:&quot;classic&quot;,&quot;animation&quot;:&quot;fadeInUp&quot;}\">\n\t\t\t<div class=\"elementor-widget-wrap elementor-element-populated\">\n\t\t\t\t\t<div class=\"elementor-background-overlay\"><\/div>\n\t\t\t\t\t\t<div class=\"elementor-element elementor-element-cf535d0 address_module elementor-widget elementor-widget-image-box\" data-id=\"cf535d0\" data-element_type=\"widget\" data-e-type=\"widget\" data-widget_type=\"image-box.default\">\n\t\t\t\t\t<div class=\"elementor-image-box-wrapper\"><div class=\"elementor-image-box-content\"><span class=\"elementor-image-box-title\">Espa\u00f1a<\/span><p class=\"elementor-image-box-description\"><br>\n<br>Madrid\n<br>\n<br><\/p><\/div><\/div>\t\t\t\t<\/div>\n\t\t\t\t\t<\/div>\n\t\t<\/div>\n\t\t\t\t<div class=\"elementor-column elementor-col-25 elementor-top-column elementor-element elementor-element-0b8947e elementor-invisible\" data-id=\"0b8947e\" data-element_type=\"column\" data-e-type=\"column\" data-settings=\"{&quot;background_background&quot;:&quot;classic&quot;,&quot;animation&quot;:&quot;fadeInUp&quot;}\">\n\t\t\t<div class=\"elementor-widget-wrap elementor-element-populated\">\n\t\t\t\t\t<div class=\"elementor-background-overlay\"><\/div>\n\t\t\t\t\t\t<div class=\"elementor-element elementor-element-10b2a7a address_module elementor-widget elementor-widget-image-box\" data-id=\"10b2a7a\" data-element_type=\"widget\" data-e-type=\"widget\" data-widget_type=\"image-box.default\">\n\t\t\t\t\t<div class=\"elementor-image-box-wrapper\"><div class=\"elementor-image-box-content\"><span class=\"elementor-image-box-title\">Mo\u00e7ambique<\/span><p class=\"elementor-image-box-description\"><br>\n<br>Maputo\n<br>\n<br><\/p><\/div><\/div>\t\t\t\t<\/div>\n\t\t\t\t\t<\/div>\n\t\t<\/div>\n\t\t\t\t<div class=\"elementor-column elementor-col-25 elementor-top-column elementor-element elementor-element-00fcda3 elementor-invisible\" data-id=\"00fcda3\" data-element_type=\"column\" data-e-type=\"column\" data-settings=\"{&quot;background_background&quot;:&quot;classic&quot;,&quot;animation&quot;:&quot;fadeInUp&quot;}\">\n\t\t\t<div class=\"elementor-widget-wrap elementor-element-populated\">\n\t\t\t\t\t<div class=\"elementor-background-overlay\"><\/div>\n\t\t\t\t\t\t<div class=\"elementor-element elementor-element-04cb682 address_module elementor-widget elementor-widget-image-box\" data-id=\"04cb682\" data-element_type=\"widget\" data-e-type=\"widget\" data-widget_type=\"image-box.default\">\n\t\t\t\t\t<div class=\"elementor-image-box-wrapper\"><div class=\"elementor-image-box-content\"><span class=\"elementor-image-box-title\">Angola<\/span><p class=\"elementor-image-box-description\"><br>\n<br>Luanda\n<br>\n<br><\/p><\/div><\/div>\t\t\t\t<\/div>\n\t\t\t\t\t<\/div>\n\t\t<\/div>\n\t\t\t\t\t<\/div>\n\t\t<\/section>\n\t\t\t\t<section class=\"elementor-section elementor-top-section elementor-element elementor-element-6558374 elementor-section-full_width elementor-section-height-default elementor-section-height-default\" data-id=\"6558374\" data-element_type=\"section\" data-e-type=\"section\">\n\t\t\t\t\t\t<div class=\"elementor-container elementor-column-gap-default\">\n\t\t\t\t\t<div class=\"elementor-column elementor-col-100 elementor-top-column elementor-element elementor-element-7de7f3c\" data-id=\"7de7f3c\" data-element_type=\"column\" data-e-type=\"column\">\n\t\t\t<div class=\"elementor-widget-wrap elementor-element-populated\">\n\t\t\t\t\t\t<div class=\"elementor-element elementor-element-b854454 elementor-widget elementor-widget-image\" data-id=\"b854454\" data-element_type=\"widget\" data-e-type=\"widget\" data-widget_type=\"image.default\">\n\t\t\t\t\t\t\t\t\t\t\t\t\t\t\t<img decoding=\"async\" src=\"https:\/\/go4mobility.com\/wp-content\/uploads\/2023\/02\/go4-mapa-1.png\" title=\"go4-mapa\" alt=\"Locais no mapa mundi, onde a go4 atua\" loading=\"lazy\" \/>\t\t\t\t\t\t\t\t\t\t\t\t\t\t\t<\/div>\n\t\t\t\t\t<\/div>\n\t\t<\/div>\n\t\t\t\t\t<\/div>\n\t\t<\/section>\n\t\t\t\t<\/div>\n\t\t","protected":false},"excerpt":{"rendered":"<p>Contacte con nosotros Colaboramos con marcas y personas ambiciosas, y les ayudamos a construir el futuro de su marca. P\u00f3ngase en contacto con nosotros, encuentre equipos especializados y consulte nuestra ubicaci\u00f3n. Si tiene alguna pregunta sobre nuestras soluciones, env\u00edenos un mensaje. (+351) 210 337 760 info@go4mobility.com S\u00edguenos en Producto* Elegir una Opci\u00f3nMessage APIVoice APINumberingMobile PaymentsInternational [&hellip;]<\/p>\n","protected":false},"author":18,"featured_media":0,"parent":0,"menu_order":0,"comment_status":"closed","ping_status":"closed","template":"","meta":{"footnotes":""},"class_list":["post-4313","page","type-page","status-publish","hentry"],"yoast_head":"<!-- This site is optimized with the Yoast SEO plugin v27.4 - https:\/\/yoast.com\/product\/yoast-seo-wordpress\/ -->\n<title>Hable con nosotros - Go4Mobility<\/title>\n<meta name=\"description\" content=\"Nuestros expertos pueden ayudarle a encontrar la soluci\u00f3n correcta. Por favor, p\u00f3ngase en contacto con nosotros y le responderemos lo antes posible.\" \/>\n<meta name=\"robots\" content=\"index, follow, max-snippet:-1, max-image-preview:large, max-video-preview:-1\" \/>\n<link rel=\"canonical\" href=\"https:\/\/go4mobility.com\/pt-pt\/contactos\/\" \/>\n<meta property=\"og:locale\" content=\"es_ES\" \/>\n<meta property=\"og:type\" content=\"article\" \/>\n<meta property=\"og:title\" content=\"Hable con nosotros - Go4Mobility\" \/>\n<meta property=\"og:description\" content=\"Nuestros expertos pueden ayudarle a encontrar la soluci\u00f3n correcta. Por favor, p\u00f3ngase en contacto con nosotros y le responderemos lo antes posible.\" \/>\n<meta property=\"og:url\" content=\"https:\/\/go4mobility.com\/pt-pt\/contactos\/\" \/>\n<meta property=\"og:site_name\" content=\"Go4Mobility\" \/>\n<meta property=\"article:modified_time\" content=\"2023-02-28T11:27:57+00:00\" \/>\n<meta property=\"og:image\" content=\"http:\/\/go4mobility.com\/wp-content\/uploads\/2023\/02\/go4-mapa-1.png\" \/>\n<meta name=\"twitter:card\" content=\"summary_large_image\" \/>\n<meta name=\"twitter:label1\" content=\"Tiempo de lectura\" \/>\n\t<meta name=\"twitter:data1\" content=\"1 minuto\" \/>\n<script type=\"application\/ld+json\" class=\"yoast-schema-graph\">{\"@context\":\"https:\\\/\\\/schema.org\",\"@graph\":[{\"@type\":\"WebPage\",\"@id\":\"https:\\\/\\\/go4mobility.com\\\/pt-pt\\\/contactos\\\/\",\"url\":\"https:\\\/\\\/go4mobility.com\\\/pt-pt\\\/contactos\\\/\",\"name\":\"Hable con nosotros - Go4Mobility\",\"isPartOf\":{\"@id\":\"https:\\\/\\\/go4mobility.com\\\/pt-pt\\\/#website\"},\"primaryImageOfPage\":{\"@id\":\"https:\\\/\\\/go4mobility.com\\\/pt-pt\\\/contactos\\\/#primaryimage\"},\"image\":{\"@id\":\"https:\\\/\\\/go4mobility.com\\\/pt-pt\\\/contactos\\\/#primaryimage\"},\"thumbnailUrl\":\"http:\\\/\\\/go4mobility.com\\\/wp-content\\\/uploads\\\/2023\\\/02\\\/go4-mapa-1.png\",\"datePublished\":\"2019-01-23T21:10:04+00:00\",\"dateModified\":\"2023-02-28T11:27:57+00:00\",\"description\":\"Nuestros expertos pueden ayudarle a encontrar la soluci\u00f3n correcta. Por favor, p\u00f3ngase en contacto con nosotros y le responderemos lo antes posible.\",\"breadcrumb\":{\"@id\":\"https:\\\/\\\/go4mobility.com\\\/pt-pt\\\/contactos\\\/#breadcrumb\"},\"inLanguage\":\"es\",\"potentialAction\":[{\"@type\":\"ReadAction\",\"target\":[\"https:\\\/\\\/go4mobility.com\\\/pt-pt\\\/contactos\\\/\"]}]},{\"@type\":\"ImageObject\",\"inLanguage\":\"es\",\"@id\":\"https:\\\/\\\/go4mobility.com\\\/pt-pt\\\/contactos\\\/#primaryimage\",\"url\":\"http:\\\/\\\/go4mobility.com\\\/wp-content\\\/uploads\\\/2023\\\/02\\\/go4-mapa-1.png\",\"contentUrl\":\"http:\\\/\\\/go4mobility.com\\\/wp-content\\\/uploads\\\/2023\\\/02\\\/go4-mapa-1.png\"},{\"@type\":\"BreadcrumbList\",\"@id\":\"https:\\\/\\\/go4mobility.com\\\/pt-pt\\\/contactos\\\/#breadcrumb\",\"itemListElement\":[{\"@type\":\"ListItem\",\"position\":1,\"name\":\"In\u00edcio\",\"item\":\"https:\\\/\\\/go4mobility.com\\\/es\\\/\"},{\"@type\":\"ListItem\",\"position\":2,\"name\":\"Hable con nosotros\"}]},{\"@type\":\"WebSite\",\"@id\":\"https:\\\/\\\/go4mobility.com\\\/pt-pt\\\/#website\",\"url\":\"https:\\\/\\\/go4mobility.com\\\/pt-pt\\\/\",\"name\":\"Go4Mobility\",\"description\":\"\",\"publisher\":{\"@id\":\"https:\\\/\\\/go4mobility.com\\\/pt-pt\\\/#organization\"},\"potentialAction\":[{\"@type\":\"SearchAction\",\"target\":{\"@type\":\"EntryPoint\",\"urlTemplate\":\"https:\\\/\\\/go4mobility.com\\\/pt-pt\\\/?s={search_term_string}\"},\"query-input\":{\"@type\":\"PropertyValueSpecification\",\"valueRequired\":true,\"valueName\":\"search_term_string\"}}],\"inLanguage\":\"es\"},{\"@type\":\"Organization\",\"@id\":\"https:\\\/\\\/go4mobility.com\\\/pt-pt\\\/#organization\",\"name\":\"Go4Mobility\",\"url\":\"https:\\\/\\\/go4mobility.com\\\/pt-pt\\\/\",\"logo\":{\"@type\":\"ImageObject\",\"inLanguage\":\"es\",\"@id\":\"https:\\\/\\\/go4mobility.com\\\/pt-pt\\\/#\\\/schema\\\/logo\\\/image\\\/\",\"url\":\"http:\\\/\\\/go4mobility.com\\\/wp-content\\\/uploads\\\/2019\\\/03\\\/logo.png\",\"contentUrl\":\"http:\\\/\\\/go4mobility.com\\\/wp-content\\\/uploads\\\/2019\\\/03\\\/logo.png\",\"width\":587,\"height\":121,\"caption\":\"Go4Mobility\"},\"image\":{\"@id\":\"https:\\\/\\\/go4mobility.com\\\/pt-pt\\\/#\\\/schema\\\/logo\\\/image\\\/\"}}]}<\/script>\n<!-- \/ Yoast SEO plugin. -->","yoast_head_json":{"title":"Hable con nosotros - Go4Mobility","description":"Nuestros expertos pueden ayudarle a encontrar la soluci\u00f3n correcta. Por favor, p\u00f3ngase en contacto con nosotros y le responderemos lo antes posible.","robots":{"index":"index","follow":"follow","max-snippet":"max-snippet:-1","max-image-preview":"max-image-preview:large","max-video-preview":"max-video-preview:-1"},"canonical":"https:\/\/go4mobility.com\/pt-pt\/contactos\/","og_locale":"es_ES","og_type":"article","og_title":"Hable con nosotros - Go4Mobility","og_description":"Nuestros expertos pueden ayudarle a encontrar la soluci\u00f3n correcta. Por favor, p\u00f3ngase en contacto con nosotros y le responderemos lo antes posible.","og_url":"https:\/\/go4mobility.com\/pt-pt\/contactos\/","og_site_name":"Go4Mobility","article_modified_time":"2023-02-28T11:27:57+00:00","og_image":[{"url":"http:\/\/go4mobility.com\/wp-content\/uploads\/2023\/02\/go4-mapa-1.png","type":"","width":"","height":""}],"twitter_card":"summary_large_image","twitter_misc":{"Tiempo de lectura":"1 minuto"},"schema":{"@context":"https:\/\/schema.org","@graph":[{"@type":"WebPage","@id":"https:\/\/go4mobility.com\/pt-pt\/contactos\/","url":"https:\/\/go4mobility.com\/pt-pt\/contactos\/","name":"Hable con nosotros - Go4Mobility","isPartOf":{"@id":"https:\/\/go4mobility.com\/pt-pt\/#website"},"primaryImageOfPage":{"@id":"https:\/\/go4mobility.com\/pt-pt\/contactos\/#primaryimage"},"image":{"@id":"https:\/\/go4mobility.com\/pt-pt\/contactos\/#primaryimage"},"thumbnailUrl":"http:\/\/go4mobility.com\/wp-content\/uploads\/2023\/02\/go4-mapa-1.png","datePublished":"2019-01-23T21:10:04+00:00","dateModified":"2023-02-28T11:27:57+00:00","description":"Nuestros expertos pueden ayudarle a encontrar la soluci\u00f3n correcta. Por favor, p\u00f3ngase en contacto con nosotros y le responderemos lo antes posible.","breadcrumb":{"@id":"https:\/\/go4mobility.com\/pt-pt\/contactos\/#breadcrumb"},"inLanguage":"es","potentialAction":[{"@type":"ReadAction","target":["https:\/\/go4mobility.com\/pt-pt\/contactos\/"]}]},{"@type":"ImageObject","inLanguage":"es","@id":"https:\/\/go4mobility.com\/pt-pt\/contactos\/#primaryimage","url":"http:\/\/go4mobility.com\/wp-content\/uploads\/2023\/02\/go4-mapa-1.png","contentUrl":"http:\/\/go4mobility.com\/wp-content\/uploads\/2023\/02\/go4-mapa-1.png"},{"@type":"BreadcrumbList","@id":"https:\/\/go4mobility.com\/pt-pt\/contactos\/#breadcrumb","itemListElement":[{"@type":"ListItem","position":1,"name":"In\u00edcio","item":"https:\/\/go4mobility.com\/es\/"},{"@type":"ListItem","position":2,"name":"Hable con nosotros"}]},{"@type":"WebSite","@id":"https:\/\/go4mobility.com\/pt-pt\/#website","url":"https:\/\/go4mobility.com\/pt-pt\/","name":"Go4Mobility","description":"","publisher":{"@id":"https:\/\/go4mobility.com\/pt-pt\/#organization"},"potentialAction":[{"@type":"SearchAction","target":{"@type":"EntryPoint","urlTemplate":"https:\/\/go4mobility.com\/pt-pt\/?s={search_term_string}"},"query-input":{"@type":"PropertyValueSpecification","valueRequired":true,"valueName":"search_term_string"}}],"inLanguage":"es"},{"@type":"Organization","@id":"https:\/\/go4mobility.com\/pt-pt\/#organization","name":"Go4Mobility","url":"https:\/\/go4mobility.com\/pt-pt\/","logo":{"@type":"ImageObject","inLanguage":"es","@id":"https:\/\/go4mobility.com\/pt-pt\/#\/schema\/logo\/image\/","url":"http:\/\/go4mobility.com\/wp-content\/uploads\/2019\/03\/logo.png","contentUrl":"http:\/\/go4mobility.com\/wp-content\/uploads\/2019\/03\/logo.png","width":587,"height":121,"caption":"Go4Mobility"},"image":{"@id":"https:\/\/go4mobility.com\/pt-pt\/#\/schema\/logo\/image\/"}}]}},"_links":{"self":[{"href":"https:\/\/go4mobility.com\/es\/wp-json\/wp\/v2\/pages\/4313","targetHints":{"allow":["GET"]}}],"collection":[{"href":"https:\/\/go4mobility.com\/es\/wp-json\/wp\/v2\/pages"}],"about":[{"href":"https:\/\/go4mobility.com\/es\/wp-json\/wp\/v2\/types\/page"}],"author":[{"embeddable":true,"href":"https:\/\/go4mobility.com\/es\/wp-json\/wp\/v2\/users\/18"}],"replies":[{"embeddable":true,"href":"https:\/\/go4mobility.com\/es\/wp-json\/wp\/v2\/comments?post=4313"}],"version-history":[{"count":24,"href":"https:\/\/go4mobility.com\/es\/wp-json\/wp\/v2\/pages\/4313\/revisions"}],"predecessor-version":[{"id":17301,"href":"https:\/\/go4mobility.com\/es\/wp-json\/wp\/v2\/pages\/4313\/revisions\/17301"}],"wp:attachment":[{"href":"https:\/\/go4mobility.com\/es\/wp-json\/wp\/v2\/media?parent=4313"}],"curies":[{"name":"wp","href":"https:\/\/api.w.org\/{rel}","templated":true}]}}